{"id":63092,"date":"2024-01-24T18:43:40","date_gmt":"2024-09-16T12:56:02","guid":{"rendered":"https:\/\/staging.nbg.eu\/product\/iosso-ar-bolt-carrier-key-tube-brush\/"},"modified":"2024-09-16T12:56:48","modified_gmt":"2024-09-16T12:56:48","slug":"iosso-ar-verschlusstraegerschluessel-rohrbuerste","status":"publish","type":"product","link":"https:\/\/staging.nbg.eu\/de\/produkt\/iosso-ar-verschlusstraegerschluessel-rohrbuerste\/","title":{"rendered":"Iosso AR Verschlusstr\u00e4gerschl\u00fcssel Rohrb\u00fcrste"},"content":{"rendered":"<p>\nIosso AR Schlie\u00dfkopftr\u00e4ger-R\u00f6hrenb\u00fcrste: Passgenau, entfernt Kohlenstoffablagerungen. Verwendung mit Iosso-\u00d6l. Kein Fusselr\u00fcckstand. Geeignet f\u00fcr AR-Wartung.<\/p>\n","protected":false},"excerpt":{"rendered":"<p>Iosso AR Verschlusstr\u00e4ger-Schl\u00fcsselb\u00fcrste: Reinigt Kohlenstoffablagerungen effizient.<\/p>\n","protected":false},"featured_media":102283,"template":"","meta":{"_acf_changed":false},"product_brand":[11483],"product_cat":[12115,12088],"product_tag":[],"class_list":{"0":"post-63092","1":"product","2":"type-product","3":"status-publish","4":"has-post-thumbnail","6":"product_brand-iosso","7":"product_cat-buersten","8":"product_cat-waffenreinigung","10":"first","11":"instock","12":"taxable","13":"shipping-taxable","14":"purchasable","15":"product-type-simple"},"acf":[],"_links":{"self":[{"href":"https:\/\/staging.nbg.eu\/de\/wp-json\/wp\/v2\/product\/63092","targetHints":{"allow":["GET"]}}],"collection":[{"href":"https:\/\/staging.nbg.eu\/de\/wp-json\/wp\/v2\/product"}],"about":[{"href":"https:\/\/staging.nbg.eu\/de\/wp-json\/wp\/v2\/types\/product"}],"wp:featuredmedia":[{"embeddable":true,"href":"https:\/\/staging.nbg.eu\/de\/wp-json\/wp\/v2\/media\/102283"}],"wp:attachment":[{"href":"https:\/\/staging.nbg.eu\/de\/wp-json\/wp\/v2\/media?parent=63092"}],"wp:term":[{"taxonomy":"product_brand","embeddable":true,"href":"https:\/\/staging.nbg.eu\/de\/wp-json\/wp\/v2\/product_brand?post=63092"},{"taxonomy":"product_cat","embeddable":true,"href":"https:\/\/staging.nbg.eu\/de\/wp-json\/wp\/v2\/product_cat?post=63092"},{"taxonomy":"product_tag","embeddable":true,"href":"https:\/\/staging.nbg.eu\/de\/wp-json\/wp\/v2\/product_tag?post=63092"}],"curies":[{"name":"wp","href":"https:\/\/api.w.org\/{rel}","templated":true}]}}