{"id":63050,"date":"2024-01-24T18:50:37","date_gmt":"2024-01-24T18:50:37","guid":{"rendered":"https:\/\/staging.nbg.eu\/product\/iosso-cleaning-brush-2-sided-2-pk\/"},"modified":"2024-09-16T12:54:17","modified_gmt":"2024-09-16T12:54:17","slug":"iosso-reinigungsbuerste-2-seitig-2-stueck","status":"publish","type":"product","link":"https:\/\/staging.nbg.eu\/de\/produkt\/iosso-reinigungsbuerste-2-seitig-2-stueck\/","title":{"rendered":"Iosso Reinigungsb\u00fcrste 2-seitig &#8211; 2 St\u00fcck"},"content":{"rendered":"<p>\nDie Iosso Reinigungsb\u00fcrste 2-seitig &#8211; 2er Pack hat strapazierf\u00e4hige Nylonborsten f\u00fcr effektive Reinigung. Jede Packung enth\u00e4lt zwei B\u00fcrsten mit einer breiten, langen Seite und einer schmalen Seite. Geeignet f\u00fcr die Verwendung mit Iosso Dreifach-Wirkungs\u00f6l, Laufreiniger oder Metallpolitur. Geeignet zum Entfernen von Kohlenstoffablagerungen und Pulverr\u00fcckst\u00e4nden in Schusswaffen oder industriellen Anwendungen.<\/p>\n","protected":false},"excerpt":{"rendered":"<p>Doppelseitige Nylonb\u00fcrste f\u00fcr vielseitige Reinigung. 2er-Pack.<\/p>\n","protected":false},"featured_media":5312,"template":"","meta":{"_acf_changed":false},"product_brand":[11483],"product_cat":[12115,12088],"product_tag":[],"class_list":{"0":"post-63050","1":"product","2":"type-product","3":"status-publish","4":"has-post-thumbnail","6":"product_brand-iosso","7":"product_cat-buersten","8":"product_cat-waffenreinigung","10":"first","11":"instock","12":"taxable","13":"shipping-taxable","14":"purchasable","15":"product-type-simple"},"acf":[],"_links":{"self":[{"href":"https:\/\/staging.nbg.eu\/de\/wp-json\/wp\/v2\/product\/63050","targetHints":{"allow":["GET"]}}],"collection":[{"href":"https:\/\/staging.nbg.eu\/de\/wp-json\/wp\/v2\/product"}],"about":[{"href":"https:\/\/staging.nbg.eu\/de\/wp-json\/wp\/v2\/types\/product"}],"wp:featuredmedia":[{"embeddable":true,"href":"https:\/\/staging.nbg.eu\/de\/wp-json\/wp\/v2\/media\/5312"}],"wp:attachment":[{"href":"https:\/\/staging.nbg.eu\/de\/wp-json\/wp\/v2\/media?parent=63050"}],"wp:term":[{"taxonomy":"product_brand","embeddable":true,"href":"https:\/\/staging.nbg.eu\/de\/wp-json\/wp\/v2\/product_brand?post=63050"},{"taxonomy":"product_cat","embeddable":true,"href":"https:\/\/staging.nbg.eu\/de\/wp-json\/wp\/v2\/product_cat?post=63050"},{"taxonomy":"product_tag","embeddable":true,"href":"https:\/\/staging.nbg.eu\/de\/wp-json\/wp\/v2\/product_tag?post=63050"}],"curies":[{"name":"wp","href":"https:\/\/api.w.org\/{rel}","templated":true}]}}