{"id":62910,"date":"2024-01-25T20:19:03","date_gmt":"2024-09-16T12:21:12","guid":{"rendered":"https:\/\/staging.nbg.eu\/product\/iosso-chamber-brushes-2-pack\/"},"modified":"2024-09-16T12:22:06","modified_gmt":"2024-09-16T12:22:06","slug":"iosso-patronenlager-buersten-2er-pack","status":"publish","type":"product","link":"https:\/\/staging.nbg.eu\/de\/produkt\/iosso-patronenlager-buersten-2er-pack\/","title":{"rendered":"Iosso Patronenlager-B\u00fcrsten 2er Pack"},"content":{"rendered":"<p style=\"text-align: center\"><strong><span style=\"font-size: 170%\">Iosso Kammerb\u00fcrsten (2 Packungen)<\/span><\/strong><\/p>\n<p>Die erste B\u00fcrste zur Reinigung der 6,5 Creedmoor Kammer. Sie sind ma\u00dfgenau f\u00fcr pr\u00e4zise Reinigung gefertigt. Hergestellt aus einer blauen Faser, die dick, steif und formbest\u00e4ndig ist, im Gegensatz zu herk\u00f6mmlichen Messing- und Bronzeb\u00fcrsten. Sie k\u00f6nnen mehrmals verwendet werden, bevor sie abgenutzt sind. Eine Packung enth\u00e4lt 2 B\u00fcrsten. Empfohlene Reinigungsmittel sind der Iosso Laufreiniger und das Iosso Dreifach-Wirkungs\u00f6l. <strong>Die blauen B\u00fcrsten sind ein Markenzeichen von Iosso Products.<\/strong><\/p>\n<table width=\"305\">\n<tbody>\n<tr>\n<td width=\"305\"><strong>AR-15 Kammerb\u00fcrste mit Stift, 2er-Pack<\/strong><\/td>\n<\/tr>\n<tr>\n<td><strong>Grendel AR-15 6,5 Kammerb\u00fcrste, 2 St\u00fcck<\/strong><\/td>\n<\/tr>\n<tr>\n<td><strong>Creedmoor 6,5 Kammerb\u00fcrste, 2 St\u00fcck<\/strong><\/td>\n<\/tr>\n<tr>\n<td><strong>AR.308 Gewehr Kammerb\u00fcrste mit Stift, 2er-Pack<\/strong><\/td>\n<\/tr>\n<\/tbody>\n<\/table>\n","protected":false},"excerpt":{"rendered":"<p><strong>Erste B\u00fcrste zur Reinigung der 6,5 Creedmoor Kammer<\/strong><\/p>\n","protected":false},"featured_media":107682,"template":"","meta":{"_acf_changed":false},"product_brand":[11483],"product_cat":[12115,12088],"product_tag":[],"class_list":{"0":"post-62910","1":"product","2":"type-product","3":"status-publish","4":"has-post-thumbnail","6":"product_brand-iosso","7":"product_cat-buersten","8":"product_cat-waffenreinigung","9":"pa_model-6-5-creedmoor-de","10":"pa_model-6-5-grendel-de","11":"pa_model-ar-308-de-2","12":"pa_model-ar-15-de","14":"first","15":"instock","16":"taxable","17":"shipping-taxable","18":"purchasable","19":"product-type-variable","20":"wvs-archive-product-wrapper"},"acf":[],"_links":{"self":[{"href":"https:\/\/staging.nbg.eu\/de\/wp-json\/wp\/v2\/product\/62910","targetHints":{"allow":["GET"]}}],"collection":[{"href":"https:\/\/staging.nbg.eu\/de\/wp-json\/wp\/v2\/product"}],"about":[{"href":"https:\/\/staging.nbg.eu\/de\/wp-json\/wp\/v2\/types\/product"}],"wp:featuredmedia":[{"embeddable":true,"href":"https:\/\/staging.nbg.eu\/de\/wp-json\/wp\/v2\/media\/107682"}],"wp:attachment":[{"href":"https:\/\/staging.nbg.eu\/de\/wp-json\/wp\/v2\/media?parent=62910"}],"wp:term":[{"taxonomy":"product_brand","embeddable":true,"href":"https:\/\/staging.nbg.eu\/de\/wp-json\/wp\/v2\/product_brand?post=62910"},{"taxonomy":"product_cat","embeddable":true,"href":"https:\/\/staging.nbg.eu\/de\/wp-json\/wp\/v2\/product_cat?post=62910"},{"taxonomy":"product_tag","embeddable":true,"href":"https:\/\/staging.nbg.eu\/de\/wp-json\/wp\/v2\/product_tag?post=62910"}],"curies":[{"name":"wp","href":"https:\/\/api.w.org\/{rel}","templated":true}]}}