{"id":62686,"date":"2024-02-02T19:48:47","date_gmt":"2024-02-02T19:48:47","guid":{"rendered":"https:\/\/staging.nbg.eu\/product\/geissele-chf-chrome-lined-barrel-5-56-14-5\/"},"modified":"2024-09-16T12:01:48","modified_gmt":"2024-09-16T12:01:48","slug":"geissele-chf-verchromter-lauf-556-145","status":"publish","type":"product","link":"https:\/\/staging.nbg.eu\/de\/produkt\/geissele-chf-verchromter-lauf-556-145\/","title":{"rendered":"Geissele CHF, Verchromter Lauf, 5,56 &#8211; 14,5&#8243;"},"content":{"rendered":"<div class=\"product-description\">\n<h2>Geissele CHF verchromter Lauf &#8211; 5,56<\/h2>\n<p>Der Geissele CHF verchromte Lauf in 5,56 NATO wird in North Wales, PA hergestellt und kombiniert moderne Technologie mit hochwertiger Verarbeitung.<\/p>\n<ul>\n<li>Kaltgeh\u00e4mmert (CHF) f\u00fcr verbesserte Festigkeit und Langlebigkeit<\/li>\n<li>Verchromt f\u00fcr erh\u00f6hte Korrosionsbest\u00e4ndigkeit und einfachere Reinigung<\/li>\n<li>Hochdruckgepr\u00fcft (HPT) und Magnetpulvergepr\u00fcft (MPI) zur Qualit\u00e4tssicherung<\/li>\n<li>Geeignet f\u00fcr Dienstwaffen, Wettkampfwaffen und andere Anwendungen<\/li>\n<li>Pr\u00e4zisionsgefertigt aus hochwertigen Materialien f\u00fcr Konsistenz und Genauigkeit<\/li>\n<\/ul>\n<p>W\u00e4hlen Sie Geissele f\u00fcr zuverl\u00e4ssige Leistung in allen Situationen.<\/p>\n<\/div>\n","protected":false},"excerpt":{"rendered":"<p>Pr\u00e4zisionsgeschmiedeter 5,56-Lauf. HPT\/MPI-gepr\u00fcft f\u00fcr Zuverl\u00e4ssigkeit.<\/p>\n","protected":false},"featured_media":5455,"template":"","meta":{"_acf_changed":false},"product_brand":[11387],"product_cat":[12107,12056,12104,12081],"product_tag":[],"class_list":{"0":"post-62686","1":"product","2":"type-product","3":"status-publish","4":"has-post-thumbnail","6":"product_brand-geissele","7":"product_cat-gewehr","8":"product_cat-gewehr-tuning","9":"product_cat-karabiner","10":"product_cat-laeufe","12":"first","13":"instock","14":"taxable","15":"shipping-taxable","16":"product-type-simple"},"acf":[],"_links":{"self":[{"href":"https:\/\/staging.nbg.eu\/de\/wp-json\/wp\/v2\/product\/62686","targetHints":{"allow":["GET"]}}],"collection":[{"href":"https:\/\/staging.nbg.eu\/de\/wp-json\/wp\/v2\/product"}],"about":[{"href":"https:\/\/staging.nbg.eu\/de\/wp-json\/wp\/v2\/types\/product"}],"wp:featuredmedia":[{"embeddable":true,"href":"https:\/\/staging.nbg.eu\/de\/wp-json\/wp\/v2\/media\/5455"}],"wp:attachment":[{"href":"https:\/\/staging.nbg.eu\/de\/wp-json\/wp\/v2\/media?parent=62686"}],"wp:term":[{"taxonomy":"product_brand","embeddable":true,"href":"https:\/\/staging.nbg.eu\/de\/wp-json\/wp\/v2\/product_brand?post=62686"},{"taxonomy":"product_cat","embeddable":true,"href":"https:\/\/staging.nbg.eu\/de\/wp-json\/wp\/v2\/product_cat?post=62686"},{"taxonomy":"product_tag","embeddable":true,"href":"https:\/\/staging.nbg.eu\/de\/wp-json\/wp\/v2\/product_tag?post=62686"}],"curies":[{"name":"wp","href":"https:\/\/api.w.org\/{rel}","templated":true}]}}