{"id":62244,"date":"2024-02-14T07:22:04","date_gmt":"2024-02-14T07:22:04","guid":{"rendered":"https:\/\/staging.nbg.eu\/product\/geissele-super-semi-automatic-enhanced-ssa-e-trigger\/"},"modified":"2024-09-16T11:44:59","modified_gmt":"2024-09-16T11:44:59","slug":"geissele-super-halbautomatisch-enhanced-ssa-e-abzug","status":"publish","type":"product","link":"https:\/\/staging.nbg.eu\/de\/produkt\/geissele-super-halbautomatisch-enhanced-ssa-e-abzug\/","title":{"rendered":"Geissele Super Halbautomatisch Enhanced (SSA-E\u2122) Abzug"},"content":{"rendered":"<div class=\"product-description\">\n<h2>Geissele Super Semi-Automatic Enhanced (SSA-E\u2122) Abzug<\/h2>\n<p>Der Geissele SSA-E\u2122 Abzug basiert auf dem Chassis des SSA\u00ae. Dieser verbesserte Zweistufenabzug bietet:<\/p>\n<ul>\n<li>Reduzierte Abzugsgewichte f\u00fcr einen reibungsloseren Betrieb<\/li>\n<li>Leichtes Vorzugsstadium<\/li>\n<li>Pr\u00e4ziser Druckpunkt in der zweiten Stufe<\/li>\n<li>Zuverl\u00e4ssigkeit im Einsatz erprobt<\/li>\n<li>Nicht einstellbares Drop-in Design<\/li>\n<\/ul>\n<p>Der SSA-E\u2122 ist f\u00fcr Pr\u00e4zisionsgewehre von Gruppen-Scharfsch\u00fctzen geeignet und bietet verbesserte Abzugskontrolle und Waffengenauigkeit. Abgeleitet von unserem Vollautomatik-Abzug, der von US-Spezialeinheiten verwendet wird, gew\u00e4hrleistet diese halbautomatische Version eine hohe Leistung, wenn Zuverl\u00e4ssigkeit entscheidend ist.<\/p>\n<\/div>\n","protected":false},"excerpt":{"rendered":"<p>Verbesserter Pr\u00e4zisionsabzug f\u00fcr Scharfsch\u00fctzen: sanfter Vorzug, sauberer Druckpunkt.<\/p>\n","protected":false},"featured_media":5537,"template":"","meta":{"_acf_changed":false},"product_brand":[11387],"product_cat":[12044,12107,12056],"product_tag":[],"class_list":{"0":"post-62244","1":"product","2":"type-product","3":"status-publish","4":"has-post-thumbnail","6":"product_brand-geissele","7":"product_cat-abzuege","8":"product_cat-gewehr","9":"product_cat-gewehr-tuning","11":"first","12":"instock","13":"taxable","14":"shipping-taxable","15":"product-type-simple"},"acf":[],"_links":{"self":[{"href":"https:\/\/staging.nbg.eu\/de\/wp-json\/wp\/v2\/product\/62244","targetHints":{"allow":["GET"]}}],"collection":[{"href":"https:\/\/staging.nbg.eu\/de\/wp-json\/wp\/v2\/product"}],"about":[{"href":"https:\/\/staging.nbg.eu\/de\/wp-json\/wp\/v2\/types\/product"}],"wp:featuredmedia":[{"embeddable":true,"href":"https:\/\/staging.nbg.eu\/de\/wp-json\/wp\/v2\/media\/5537"}],"wp:attachment":[{"href":"https:\/\/staging.nbg.eu\/de\/wp-json\/wp\/v2\/media?parent=62244"}],"wp:term":[{"taxonomy":"product_brand","embeddable":true,"href":"https:\/\/staging.nbg.eu\/de\/wp-json\/wp\/v2\/product_brand?post=62244"},{"taxonomy":"product_cat","embeddable":true,"href":"https:\/\/staging.nbg.eu\/de\/wp-json\/wp\/v2\/product_cat?post=62244"},{"taxonomy":"product_tag","embeddable":true,"href":"https:\/\/staging.nbg.eu\/de\/wp-json\/wp\/v2\/product_tag?post=62244"}],"curies":[{"name":"wp","href":"https:\/\/api.w.org\/{rel}","templated":true}]}}