{"id":62102,"date":"2024-02-14T07:32:28","date_gmt":"2024-09-16T11:41:29","guid":{"rendered":"https:\/\/staging.nbg.eu\/product\/geissele-ssa-x-trigger-with-lightning-bow\/"},"modified":"2024-09-16T11:42:17","modified_gmt":"2024-09-16T11:42:17","slug":"geissele-ssa-x-abzug-mit-lightning-bow","status":"publish","type":"product","link":"https:\/\/staging.nbg.eu\/de\/produkt\/geissele-ssa-x-abzug-mit-lightning-bow\/","title":{"rendered":"Geissele SSA X Abzug mit Lightning Bow\u00ae"},"content":{"rendered":"<div class=\"product-description\">\n<h2>Geissele SSA X Abzug mit Lightning Bow\u00ae<\/h2>\n<p>Der SSA-X mit Lightning Bow\u00ae Technologie bietet folgende Eigenschaften:<\/p>\n<ul>\n<li>Halb-gebogenes, breites Profil<\/li>\n<li>Kombination aus Standard-gebogenen AR-Abz\u00fcgen und Flat-Bow-Designs<\/li>\n<li>Nanoweapon-Beschichtung f\u00fcr verbesserten Verschlei\u00df- und Korrosionsschutz<\/li>\n<li>Funktioniert mit minimaler Schmierung<\/li>\n<\/ul>\n<p>In der Tradition des SSA bietet dieser diensttaugliche Abzug:<\/p>\n<ul>\n<li>Pr\u00e4zision f\u00fcr genaue Sch\u00fcsse auf gro\u00dfe Entfernungen<\/li>\n<li>Toleranz f\u00fcr Nahkampfszenarien<\/li>\n<\/ul>\n<p>Der Geissele SSA X Abzug verbessert die Leistung Ihres AR.<\/p>\n<\/div>\n","protected":false},"excerpt":{"rendered":"<p>Pr\u00e4zisionsgefertigter AR-Abzug mit Hybrid-Bogen f\u00fcr h\u00f6chste Kontrolle und Langlebigkeit.<\/p>\n","protected":false},"featured_media":5571,"template":"","meta":{"_acf_changed":false},"product_brand":[11387],"product_cat":[12044,12107,12056],"product_tag":[],"class_list":{"0":"post-62102","1":"product","2":"type-product","3":"status-publish","4":"has-post-thumbnail","6":"product_brand-geissele","7":"product_cat-abzuege","8":"product_cat-gewehr","9":"product_cat-gewehr-tuning","11":"first","12":"instock","13":"taxable","14":"shipping-taxable","15":"product-type-simple"},"acf":[],"_links":{"self":[{"href":"https:\/\/staging.nbg.eu\/de\/wp-json\/wp\/v2\/product\/62102","targetHints":{"allow":["GET"]}}],"collection":[{"href":"https:\/\/staging.nbg.eu\/de\/wp-json\/wp\/v2\/product"}],"about":[{"href":"https:\/\/staging.nbg.eu\/de\/wp-json\/wp\/v2\/types\/product"}],"wp:featuredmedia":[{"embeddable":true,"href":"https:\/\/staging.nbg.eu\/de\/wp-json\/wp\/v2\/media\/5571"}],"wp:attachment":[{"href":"https:\/\/staging.nbg.eu\/de\/wp-json\/wp\/v2\/media?parent=62102"}],"wp:term":[{"taxonomy":"product_brand","embeddable":true,"href":"https:\/\/staging.nbg.eu\/de\/wp-json\/wp\/v2\/product_brand?post=62102"},{"taxonomy":"product_cat","embeddable":true,"href":"https:\/\/staging.nbg.eu\/de\/wp-json\/wp\/v2\/product_cat?post=62102"},{"taxonomy":"product_tag","embeddable":true,"href":"https:\/\/staging.nbg.eu\/de\/wp-json\/wp\/v2\/product_tag?post=62102"}],"curies":[{"name":"wp","href":"https:\/\/api.w.org\/{rel}","templated":true}]}}