{"id":62039,"date":"2024-02-14T07:49:55","date_gmt":"2024-09-16T11:38:27","guid":{"rendered":"https:\/\/staging.nbg.eu\/product\/geissele-ssa-e-x-trigger-with-lightning-bow\/"},"modified":"2024-09-16T11:39:16","modified_gmt":"2024-09-16T11:39:16","slug":"geissele-ssa-e-x-abzug-mit-lightning-bow","status":"publish","type":"product","link":"https:\/\/staging.nbg.eu\/de\/produkt\/geissele-ssa-e-x-abzug-mit-lightning-bow\/","title":{"rendered":"Geissele SSA-E X Abzug mit Lightning Bow\u00ae"},"content":{"rendered":"<div class=\"product-description\">\n<h2>Geissele SSA-E X Abzug mit Lightning Bow\u00ae<\/h2>\n<p>Der SSA-E X\u2122 mit Lightning Bow\u00ae bietet folgende Eigenschaften:<\/p>\n<ul>\n<li>Halbgebogenes, breites Profil<\/li>\n<li>Nanoweapon-Beschichtung f\u00fcr Haltbarkeit<\/li>\n<li>Leichter erster Abzugsstadium<\/li>\n<li>Definierter zweiter Abzugsstadium<\/li>\n<\/ul>\n<p>Der SSA-E X\u2122 ist f\u00fcr Pr\u00e4zisionsgewehre konzipiert. Er kombiniert Genauigkeit und Zuverl\u00e4ssigkeit. Das Design vereint Elemente von gebogenen und flachen Abz\u00fcgen und funktioniert auch bei minimaler Schmierung.<\/p>\n<\/div>\n","protected":false},"excerpt":{"rendered":"<p>Pr\u00e4zisions-AR-Abzug mit hybridem Bogendesign f\u00fcr \u00fcberlegene Kontrolle und Genauigkeit.<\/p>\n","protected":false},"featured_media":5584,"template":"","meta":{"_acf_changed":false},"product_brand":[11387],"product_cat":[12044,12107,12056],"product_tag":[],"class_list":{"0":"post-62039","1":"product","2":"type-product","3":"status-publish","4":"has-post-thumbnail","6":"product_brand-geissele","7":"product_cat-abzuege","8":"product_cat-gewehr","9":"product_cat-gewehr-tuning","11":"first","12":"instock","13":"taxable","14":"shipping-taxable","15":"product-type-simple"},"acf":[],"_links":{"self":[{"href":"https:\/\/staging.nbg.eu\/de\/wp-json\/wp\/v2\/product\/62039","targetHints":{"allow":["GET"]}}],"collection":[{"href":"https:\/\/staging.nbg.eu\/de\/wp-json\/wp\/v2\/product"}],"about":[{"href":"https:\/\/staging.nbg.eu\/de\/wp-json\/wp\/v2\/types\/product"}],"wp:featuredmedia":[{"embeddable":true,"href":"https:\/\/staging.nbg.eu\/de\/wp-json\/wp\/v2\/media\/5584"}],"wp:attachment":[{"href":"https:\/\/staging.nbg.eu\/de\/wp-json\/wp\/v2\/media?parent=62039"}],"wp:term":[{"taxonomy":"product_brand","embeddable":true,"href":"https:\/\/staging.nbg.eu\/de\/wp-json\/wp\/v2\/product_brand?post=62039"},{"taxonomy":"product_cat","embeddable":true,"href":"https:\/\/staging.nbg.eu\/de\/wp-json\/wp\/v2\/product_cat?post=62039"},{"taxonomy":"product_tag","embeddable":true,"href":"https:\/\/staging.nbg.eu\/de\/wp-json\/wp\/v2\/product_tag?post=62039"}],"curies":[{"name":"wp","href":"https:\/\/api.w.org\/{rel}","templated":true}]}}