{"id":61713,"date":"2024-02-14T19:58:42","date_gmt":"2024-09-16T11:07:39","guid":{"rendered":"https:\/\/staging.nbg.eu\/product\/geissele-10-5-super-modular-rail-mk16-m-lok\/"},"modified":"2024-09-16T11:08:31","modified_gmt":"2024-09-16T11:08:31","slug":"geissele-105-super-modular-schiene-mk16-m-lok","status":"publish","type":"product","link":"https:\/\/staging.nbg.eu\/de\/produkt\/geissele-105-super-modular-schiene-mk16-m-lok\/","title":{"rendered":"Geissele 10,5&#8243; Super Modular Schiene MK16 M-LOK\u00ae"},"content":{"rendered":"<h2 style=\"text-align: center\"><b>10,5\u2033 Super Modulare Schiene MK16 M-LOK\u00ae<\/b><\/h2>\n<p>Die Geissele Super Modulare Schiene MK16 bietet Leistung f\u00fcr anspruchsvolle Sch\u00fctzen. Sie wird mit einer aktualisierten Version des Geissele Laufmutter-Designs am AR-15 Oberteil montiert. Die MK16 ist einfach zu installieren und zu warten und bietet Stabilit\u00e4t. Anti-Rotations-Laschen und Stellschrauben verhindern eine Rotation der Schiene. M<b>1913 Picatinny-Schiene oben und M-LOK\u2122<\/b> Slots an allen Seiten erm\u00f6glichen Anpassung f\u00fcr Zubeh\u00f6r. Die Geissele SMR MK16 wird aus <b>7000er Aluminiumlegierung<\/b> gefertigt und ist mit Typ-3 Harteloxierung beschichtet.<\/p>\n<p>Die Super Modulare Schiene 13,5&#8243; (SMR) MK16 M-LOK\u00ae, NSN# 1005-01-672-4794 (13,5&#8243;), <b>wurde von USASOC f\u00fcr das URG-I Programm (Verbessertes Oberteil) \u00fcbernommen<\/b>.<\/p>\n<p>&nbsp;<\/p>\n<h2 style=\"text-align: center\"><strong>SPEZIFIKATIONEN<\/strong><\/h2>\n<hr \/>\n<table border=\"1\">\n<tbody>\n<tr>\n<td><strong>H\u00d6HE: <\/strong><\/td>\n<td> 2,39&#8243;<\/td>\n<\/tr>\n<tr>\n<td><strong>FARBE: <\/strong><\/td>\n<td> Schwarz, DDC, Grau, ODG<\/td>\n<\/tr>\n<tr>\n<td><strong>MATERIAL: <\/strong><\/td>\n<td> 7000er Aluminiumlegierung<\/td>\n<\/tr>\n<tr>\n<td><strong>OBERFL\u00c4CHE: <\/strong><\/td>\n<td> Typ 3 Harteloxierung<\/td>\n<\/tr>\n<tr>\n<td><strong> VERF\u00dcGBARE L\u00c4NGEN: <\/strong><\/td>\n<td> 9,3&#8243;, 10,5&#8243;, 13,5&#8243;, 15&#8243;<\/td>\n<\/tr>\n<tr>\n<td><strong>INNENDURCHMESSER: <\/strong><\/td>\n<td> 1,26&#8243;<\/td>\n<\/tr>\n<tr>\n<td><strong>AUSSENDURCHMESSER (DAQ*): <\/strong><\/td>\n<td> 1,59&#8243;<\/td>\n<\/tr>\n<tr>\n<td><strong>SMR MK16 9,3&#8243; GEWICHT: <\/strong><\/td>\n<td> 286g (333g mit Laufmutter)<\/td>\n<\/tr>\n<tr>\n<td><strong>SMR MK16 10,5&#8243; GEWICHT: <\/strong><\/td>\n<td> 312g (357g mit Laufmutter)<\/td>\n<\/tr>\n<tr>\n<td><strong>SMR MK16 13,5&#8243; GEWICHT: <\/strong><\/td>\n<td> 380g (422g mit Laufmutter)<\/td>\n<\/tr>\n<tr>\n<td><strong>SMR MK16 15&#8243; GEWICHT: <\/strong><\/td>\n<td> 403g (448g mit Laufmutter)<\/td>\n<\/tr>\n<\/tbody>\n<\/table>\n<p><em>*DAQ &#8211; Abstand \u00fcber die Quadranten<\/em><\/p>\n","protected":false},"excerpt":{"rendered":"<p><strong>Un\u00fcbertroffene Leistung f\u00fcr die anspruchsvollsten Sch\u00fctzen<\/strong><\/p>\n","protected":false},"featured_media":5652,"template":"","meta":{"_acf_changed":false},"product_brand":[11387],"product_cat":[12107,12056,12104,12055],"product_tag":[],"class_list":{"0":"post-61713","1":"product","2":"type-product","3":"status-publish","4":"has-post-thumbnail","6":"product_brand-geissele","7":"product_cat-gewehr","8":"product_cat-gewehr-tuning","9":"product_cat-karabiner","10":"product_cat-schienen","12":"first","13":"instock","14":"taxable","15":"shipping-taxable","16":"product-type-variable","17":"wvs-archive-product-wrapper"},"acf":[],"_links":{"self":[{"href":"https:\/\/staging.nbg.eu\/de\/wp-json\/wp\/v2\/product\/61713","targetHints":{"allow":["GET"]}}],"collection":[{"href":"https:\/\/staging.nbg.eu\/de\/wp-json\/wp\/v2\/product"}],"about":[{"href":"https:\/\/staging.nbg.eu\/de\/wp-json\/wp\/v2\/types\/product"}],"wp:featuredmedia":[{"embeddable":true,"href":"https:\/\/staging.nbg.eu\/de\/wp-json\/wp\/v2\/media\/5652"}],"wp:attachment":[{"href":"https:\/\/staging.nbg.eu\/de\/wp-json\/wp\/v2\/media?parent=61713"}],"wp:term":[{"taxonomy":"product_brand","embeddable":true,"href":"https:\/\/staging.nbg.eu\/de\/wp-json\/wp\/v2\/product_brand?post=61713"},{"taxonomy":"product_cat","embeddable":true,"href":"https:\/\/staging.nbg.eu\/de\/wp-json\/wp\/v2\/product_cat?post=61713"},{"taxonomy":"product_tag","embeddable":true,"href":"https:\/\/staging.nbg.eu\/de\/wp-json\/wp\/v2\/product_tag?post=61713"}],"curies":[{"name":"wp","href":"https:\/\/api.w.org\/{rel}","templated":true}]}}