{"id":61023,"date":"2024-02-14T20:33:29","date_gmt":"2024-09-16T10:40:12","guid":{"rendered":"https:\/\/staging.nbg.eu\/product\/geissele-16-super-modular-rail-mk18-m-lok\/"},"modified":"2024-09-16T10:41:08","modified_gmt":"2024-09-16T10:41:08","slug":"geissele-16-super-modular-schiene-mk18-m-lok","status":"publish","type":"product","link":"https:\/\/staging.nbg.eu\/de\/produkt\/geissele-16-super-modular-schiene-mk18-m-lok\/","title":{"rendered":"Geissele 16&#8243; Super Modular Schiene MK18 M-LOK\u00ae"},"content":{"rendered":"<h2 style=\"text-align: center\"><b>16&#8243; Super Modulare Schiene MK18 M-LOK\u00ae<\/b><\/h2>\n<p>Die MK18 ist die neueste in der Reihe der Geissele Super Modularen Schienen und speziell f\u00fcr die Schnittstelle mit dem <b>Arca-Swiss Schnellwechselsystem<\/b> entwickelt. Dieser neue Handschutz basiert auf der MK16 M-LOK Super Modularen Schiene und bietet einen geringen Durchmesser und eine geringe Gesamth\u00f6he. Die flache Basis des MK18 verf\u00fcgt \u00fcber eine &#8222;Arca-Style&#8220; 35mm breite Form mit einem 45-Grad-Schwalbenschwanz, die eine schnelle Montage an einer Arca-Swiss Schnellwechsel-Montagebasis erm\u00f6glicht. Der MK18 verf\u00fcgt \u00fcber Geisseles <b>propriet\u00e4re 2,25&#8243; lange Laufmutter<\/b>. Die 16&#8243; lange MK18 wird unter Verwendung von 7000er Aluminium 3D-pr\u00e4zisionsgefertigt.<\/p>\n<p>Die Verwendung der <b>M-LOK-Technologie von Magpul an den drei Hauptquadranten<\/b> (links, rechts und unten) sowie an den oberen 45\u00b0 erm\u00f6glicht Modularit\u00e4t und Anpassungsf\u00e4higkeit. Die MK18 Super Modulare Schiene ist mit einer <b>langlebigen Typ 3 Harteloxierung<\/b> versehen und in Schwarz oder Geisseles DDC-Ausf\u00fchrung erh\u00e4ltlich.<\/p>\n<p>Die Geissele Super Modulare Schiene MK18 ist <b>kompatibel mit AR15-Gewehren nach Milit\u00e4rstandard.<\/b><\/p>\n<h2 style=\"text-align: center\"><strong>SPEZIFIKATIONEN<\/strong><\/h2>\n<hr \/>\n<table border=\"1\">\n<tbody>\n<tr>\n<td><strong>H\u00d6HE: <\/strong><\/td>\n<td> 2,08<\/td>\n<\/tr>\n<tr>\n<td><strong>FARBE: <\/strong><\/td>\n<td> DDC \/ Schwarz<\/td>\n<\/tr>\n<tr>\n<td><strong>MATERIAL: <\/strong><\/td>\n<td> 7000er Aluminium<\/td>\n<\/tr>\n<tr>\n<td><strong>OBERFL\u00c4CHE: <\/strong><\/td>\n<td> Typ 3 Harteloxierung<\/td>\n<\/tr>\n<tr>\n<td><strong>L\u00c4NGE: <\/strong><\/td>\n<td> 16,5&#8243;<\/td>\n<\/tr>\n<tr>\n<td><strong>INNENDURCHMESSER: <\/strong><\/td>\n<td> 1,26&#8243;<\/td>\n<\/tr>\n<tr>\n<td><strong>AUSSENDURCHMESSER (DAQ*): <\/strong><\/td>\n<td> 1,59&#8243;<\/td>\n<\/tr>\n<tr>\n<td><strong>SMR MK18 GEWICHT: <\/strong><\/td>\n<td> 482g (522g mit Laufmutter)<\/td>\n<\/tr>\n<\/tbody>\n<\/table>\n<p>&nbsp;<\/p>\n<p><em>*DAQ &#8211; Abstand \u00fcber Quadranten<\/em><\/p>\n","protected":false},"excerpt":{"rendered":"<p><strong>Entwickelt f\u00fcr die Schnittstelle mit dem Arca-Swiss Schnellwechselsystem<\/strong><\/p>\n","protected":false},"featured_media":5758,"template":"","meta":{"_acf_changed":false},"product_brand":[11387],"product_cat":[12107,12056,12104,12055],"product_tag":[],"class_list":{"0":"post-61023","1":"product","2":"type-product","3":"status-publish","4":"has-post-thumbnail","6":"product_brand-geissele","7":"product_cat-gewehr","8":"product_cat-gewehr-tuning","9":"product_cat-karabiner","10":"product_cat-schienen","12":"first","13":"outofstock","14":"taxable","15":"shipping-taxable","16":"product-type-variable","17":"wvs-archive-product-wrapper"},"acf":[],"_links":{"self":[{"href":"https:\/\/staging.nbg.eu\/de\/wp-json\/wp\/v2\/product\/61023","targetHints":{"allow":["GET"]}}],"collection":[{"href":"https:\/\/staging.nbg.eu\/de\/wp-json\/wp\/v2\/product"}],"about":[{"href":"https:\/\/staging.nbg.eu\/de\/wp-json\/wp\/v2\/types\/product"}],"wp:featuredmedia":[{"embeddable":true,"href":"https:\/\/staging.nbg.eu\/de\/wp-json\/wp\/v2\/media\/5758"}],"wp:attachment":[{"href":"https:\/\/staging.nbg.eu\/de\/wp-json\/wp\/v2\/media?parent=61023"}],"wp:term":[{"taxonomy":"product_brand","embeddable":true,"href":"https:\/\/staging.nbg.eu\/de\/wp-json\/wp\/v2\/product_brand?post=61023"},{"taxonomy":"product_cat","embeddable":true,"href":"https:\/\/staging.nbg.eu\/de\/wp-json\/wp\/v2\/product_cat?post=61023"},{"taxonomy":"product_tag","embeddable":true,"href":"https:\/\/staging.nbg.eu\/de\/wp-json\/wp\/v2\/product_tag?post=61023"}],"curies":[{"name":"wp","href":"https:\/\/api.w.org\/{rel}","templated":true}]}}