{"id":60821,"date":"2024-02-14T20:38:31","date_gmt":"2024-09-16T10:32:07","guid":{"rendered":"https:\/\/staging.nbg.eu\/product\/alg-defense-emr-v3x-15-handguard-black\/"},"modified":"2024-09-16T10:32:53","modified_gmt":"2024-09-16T10:32:53","slug":"alg-defense-emr-v3x-15-handschutz-schwarz","status":"publish","type":"product","link":"https:\/\/staging.nbg.eu\/de\/produkt\/alg-defense-emr-v3x-15-handschutz-schwarz\/","title":{"rendered":"ALG Defense EMR V3X 15&#8243; Handschutz &#8211; Schwarz"},"content":{"rendered":"<p>Der ALG Defense EMR V3X 15&#8243; Handschutz in Schwarz bietet anpassbare Konfigurationen durch sein M-LOK-Befestigungssystem. Zubeh\u00f6r kann an den 2, 4, 6, 8 und 10 Uhr-Positionen montiert werden. Er verf\u00fcgt \u00fcber eine durchgehende M1913-Picatinny-Schiene auf 12 Uhr zur Befestigung von Visieren, Lasern, Lampen und anderen Optiken. Geeignet zur individuellen Anpassung der Waffe an spezifische Anforderungen.<\/p>\n","protected":false},"excerpt":{"rendered":"<p>Vielseitige 15-Zoll-M-LOK-Handschutz mit durchgehender Picatinny-Schiene.<\/p>\n","protected":false},"featured_media":5788,"template":"","meta":{"_acf_changed":false},"product_brand":[11387],"product_cat":[12107,12056,12055],"product_tag":[],"class_list":{"0":"post-60821","1":"product","2":"type-product","3":"status-publish","4":"has-post-thumbnail","6":"product_brand-geissele","7":"product_cat-gewehr","8":"product_cat-gewehr-tuning","9":"product_cat-schienen","11":"first","12":"instock","13":"taxable","14":"shipping-taxable","15":"product-type-simple"},"acf":[],"_links":{"self":[{"href":"https:\/\/staging.nbg.eu\/de\/wp-json\/wp\/v2\/product\/60821","targetHints":{"allow":["GET"]}}],"collection":[{"href":"https:\/\/staging.nbg.eu\/de\/wp-json\/wp\/v2\/product"}],"about":[{"href":"https:\/\/staging.nbg.eu\/de\/wp-json\/wp\/v2\/types\/product"}],"wp:featuredmedia":[{"embeddable":true,"href":"https:\/\/staging.nbg.eu\/de\/wp-json\/wp\/v2\/media\/5788"}],"wp:attachment":[{"href":"https:\/\/staging.nbg.eu\/de\/wp-json\/wp\/v2\/media?parent=60821"}],"wp:term":[{"taxonomy":"product_brand","embeddable":true,"href":"https:\/\/staging.nbg.eu\/de\/wp-json\/wp\/v2\/product_brand?post=60821"},{"taxonomy":"product_cat","embeddable":true,"href":"https:\/\/staging.nbg.eu\/de\/wp-json\/wp\/v2\/product_cat?post=60821"},{"taxonomy":"product_tag","embeddable":true,"href":"https:\/\/staging.nbg.eu\/de\/wp-json\/wp\/v2\/product_tag?post=60821"}],"curies":[{"name":"wp","href":"https:\/\/api.w.org\/{rel}","templated":true}]}}