{"id":60413,"date":"2024-02-15T07:17:14","date_gmt":"2024-02-15T07:17:14","guid":{"rendered":"https:\/\/staging.nbg.eu\/product\/geissele-super-42-rifle-length-spring\/"},"modified":"2024-09-13T16:16:30","modified_gmt":"2024-09-13T16:16:30","slug":"geissele-super-42-gewehr-laenge-feder","status":"publish","type":"product","link":"https:\/\/staging.nbg.eu\/de\/produkt\/geissele-super-42-gewehr-laenge-feder\/","title":{"rendered":"Geissele Super 42 Gewehr-L\u00e4nge Feder"},"content":{"rendered":"<p>\nVerbessern Sie die Leistung Ihres M-16\/AR-15 mit der Geissele Super 42 Gewehrl\u00e4ngenfeder. Ihr Dreifachdraht-Design fungiert als harmonischer D\u00e4mpfer, der Energie absorbiert und Federversagen reduziert. Die Feder bietet erh\u00f6hte Zuverl\u00e4ssigkeit, vermindert das &#8222;Twang&#8220;-Ger\u00e4usch und ist kompatibel mit Standard-Gewehrl\u00e4ngenpuffern und -r\u00f6hren.<\/p>\n","protected":false},"excerpt":{"rendered":"<p>Verbessern Sie die Leistung Ihres AR-15 mit Geisseles innovativer 3-Strang-Feder.<\/p>\n","protected":false},"featured_media":5813,"template":"","meta":{"_acf_changed":false},"product_brand":[11387],"product_cat":[12118,12107,12056],"product_tag":[],"class_list":{"0":"post-60413","1":"product","2":"type-product","3":"status-publish","4":"has-post-thumbnail","6":"product_brand-geissele","7":"product_cat-federn","8":"product_cat-gewehr","9":"product_cat-gewehr-tuning","11":"first","12":"instock","13":"taxable","14":"shipping-taxable","15":"product-type-simple"},"acf":[],"_links":{"self":[{"href":"https:\/\/staging.nbg.eu\/de\/wp-json\/wp\/v2\/product\/60413","targetHints":{"allow":["GET"]}}],"collection":[{"href":"https:\/\/staging.nbg.eu\/de\/wp-json\/wp\/v2\/product"}],"about":[{"href":"https:\/\/staging.nbg.eu\/de\/wp-json\/wp\/v2\/types\/product"}],"wp:featuredmedia":[{"embeddable":true,"href":"https:\/\/staging.nbg.eu\/de\/wp-json\/wp\/v2\/media\/5813"}],"wp:attachment":[{"href":"https:\/\/staging.nbg.eu\/de\/wp-json\/wp\/v2\/media?parent=60413"}],"wp:term":[{"taxonomy":"product_brand","embeddable":true,"href":"https:\/\/staging.nbg.eu\/de\/wp-json\/wp\/v2\/product_brand?post=60413"},{"taxonomy":"product_cat","embeddable":true,"href":"https:\/\/staging.nbg.eu\/de\/wp-json\/wp\/v2\/product_cat?post=60413"},{"taxonomy":"product_tag","embeddable":true,"href":"https:\/\/staging.nbg.eu\/de\/wp-json\/wp\/v2\/product_tag?post=60413"}],"curies":[{"name":"wp","href":"https:\/\/api.w.org\/{rel}","templated":true}]}}