{"id":60012,"date":"2024-02-15T07:54:43","date_gmt":"2024-09-13T16:09:13","guid":{"rendered":"https:\/\/staging.nbg.eu\/product\/geissele-super-charging-handle-sch-7-62\/"},"modified":"2024-09-13T16:10:04","modified_gmt":"2024-09-13T16:10:04","slug":"geissele-super-ladegriff-sch-762","status":"publish","type":"product","link":"https:\/\/staging.nbg.eu\/de\/produkt\/geissele-super-ladegriff-sch-762\/","title":{"rendered":"Geissele Super Ladegriff (SCH\u00ae) 7.62"},"content":{"rendered":"<div class=\"product-description\">\n<h2>Geissele Ladehebel (SCH\u00ae) 7.62<\/h2>\n<p>Der <b>SCH\u00ae 7.62<\/b> ist ein beidseitig bedienbarer Ladehebel aus 7075-T6 Aluminium. Er hat geformte Hebel mit strukturierten Grifffl\u00e4chen f\u00fcr einfache Bedienung. Die erh\u00f6hte R\u00fccklippe reduziert Gasr\u00fcckstau. Typ 3 harteloxiert f\u00fcr Haltbarkeit, <b>erh\u00e4ltlich in Schwarz und DDC<\/b>.<\/p>\n<p>Kompatibel mit den meisten SR25, DPMS\/LR308 und AR10 Muster Feuerwaffen. \u00dcberpr\u00fcfen Sie die Passform mit Ihrem Waffenhersteller vor der Installation.<\/p>\n<p><strong>Nicht kompatibel mit:<\/strong> HK 762, Colt 901, DPMS GII, Adams Arms .308 Patrol Rifle, Daniel Defense DD5, Sig 716, BPM Long Range Marksman .308, Smith &amp; Wesson MP-10, Bushmaster BAR-10, Rock River Arms LAR-8.<\/p>\n<\/div>\n","protected":false},"excerpt":{"rendered":"<p>Beidseitig bedienbarer Ladehebel aus 7075-T6 Aluminium f\u00fcr 7,62 mm Gewehre.<\/p>\n","protected":false},"featured_media":5868,"template":"","meta":{"_acf_changed":false},"product_brand":[11387],"product_cat":[12107,12056,12062],"product_tag":[],"class_list":{"0":"post-60012","1":"product","2":"type-product","3":"status-publish","4":"has-post-thumbnail","6":"product_brand-geissele","7":"product_cat-gewehr","8":"product_cat-gewehr-tuning","9":"product_cat-ladegriffe","11":"first","12":"instock","13":"taxable","14":"shipping-taxable","15":"product-type-variable","16":"wvs-archive-product-wrapper"},"acf":[],"_links":{"self":[{"href":"https:\/\/staging.nbg.eu\/de\/wp-json\/wp\/v2\/product\/60012","targetHints":{"allow":["GET"]}}],"collection":[{"href":"https:\/\/staging.nbg.eu\/de\/wp-json\/wp\/v2\/product"}],"about":[{"href":"https:\/\/staging.nbg.eu\/de\/wp-json\/wp\/v2\/types\/product"}],"wp:featuredmedia":[{"embeddable":true,"href":"https:\/\/staging.nbg.eu\/de\/wp-json\/wp\/v2\/media\/5868"}],"wp:attachment":[{"href":"https:\/\/staging.nbg.eu\/de\/wp-json\/wp\/v2\/media?parent=60012"}],"wp:term":[{"taxonomy":"product_brand","embeddable":true,"href":"https:\/\/staging.nbg.eu\/de\/wp-json\/wp\/v2\/product_brand?post=60012"},{"taxonomy":"product_cat","embeddable":true,"href":"https:\/\/staging.nbg.eu\/de\/wp-json\/wp\/v2\/product_cat?post=60012"},{"taxonomy":"product_tag","embeddable":true,"href":"https:\/\/staging.nbg.eu\/de\/wp-json\/wp\/v2\/product_tag?post=60012"}],"curies":[{"name":"wp","href":"https:\/\/api.w.org\/{rel}","templated":true}]}}