{"id":59866,"date":"2024-02-15T10:31:20","date_gmt":"2024-09-13T16:05:34","guid":{"rendered":"https:\/\/staging.nbg.eu\/product\/geissele-super-configurable-safety-selector-black\/"},"modified":"2024-09-13T16:06:19","modified_gmt":"2024-09-13T16:06:19","slug":"geissele-super-konfigurierbarer-sicherheitswaehler-schwarz","status":"publish","type":"product","link":"https:\/\/staging.nbg.eu\/de\/produkt\/geissele-super-konfigurierbarer-sicherheitswaehler-schwarz\/","title":{"rendered":"Geissele Super Konfigurierbarer Sicherheitsw\u00e4hler &#8211; Schwarz"},"content":{"rendered":"<div class=\"product-description\">\n<h2>Geissele Konfigurierbarer Sicherheitswahlhebel &#8211; Schwarz<\/h2>\n<p>Beidseitig bedienbarer Sicherheitswahlhebel f\u00fcr Karabiner. Austauschbare Hebel f\u00fcr angepasste Bedienung. Federgespannter St\u00f6\u00dfel verhindert Verlust beim Reinigen. Lauf aus rostfreiem Stahl. Verbessert die Sicherheit und Bedienbarkeit der Waffe.<\/p>\n<\/div>\n","protected":false},"excerpt":{"rendered":"<p>Beidseitig bedienbarer, konfigurierbarer Sicherheitswahlhebel f\u00fcr AR-15. Aus widerstandsf\u00e4higem Stahl.<\/p>\n","protected":false},"featured_media":5910,"template":"","meta":{"_acf_changed":false},"product_brand":[11387],"product_cat":[12107,12056],"product_tag":[],"class_list":{"0":"post-59866","1":"product","2":"type-product","3":"status-publish","4":"has-post-thumbnail","6":"product_brand-geissele","7":"product_cat-gewehr","8":"product_cat-gewehr-tuning","10":"first","11":"instock","12":"taxable","13":"shipping-taxable","14":"product-type-simple"},"acf":[],"_links":{"self":[{"href":"https:\/\/staging.nbg.eu\/de\/wp-json\/wp\/v2\/product\/59866","targetHints":{"allow":["GET"]}}],"collection":[{"href":"https:\/\/staging.nbg.eu\/de\/wp-json\/wp\/v2\/product"}],"about":[{"href":"https:\/\/staging.nbg.eu\/de\/wp-json\/wp\/v2\/types\/product"}],"wp:featuredmedia":[{"embeddable":true,"href":"https:\/\/staging.nbg.eu\/de\/wp-json\/wp\/v2\/media\/5910"}],"wp:attachment":[{"href":"https:\/\/staging.nbg.eu\/de\/wp-json\/wp\/v2\/media?parent=59866"}],"wp:term":[{"taxonomy":"product_brand","embeddable":true,"href":"https:\/\/staging.nbg.eu\/de\/wp-json\/wp\/v2\/product_brand?post=59866"},{"taxonomy":"product_cat","embeddable":true,"href":"https:\/\/staging.nbg.eu\/de\/wp-json\/wp\/v2\/product_cat?post=59866"},{"taxonomy":"product_tag","embeddable":true,"href":"https:\/\/staging.nbg.eu\/de\/wp-json\/wp\/v2\/product_tag?post=59866"}],"curies":[{"name":"wp","href":"https:\/\/api.w.org\/{rel}","templated":true}]}}