{"id":59712,"date":"2024-02-15T10:48:43","date_gmt":"2024-09-13T16:01:55","guid":{"rendered":"https:\/\/staging.nbg.eu\/product\/geissele-maritime-bolt-catch\/"},"modified":"2024-09-13T16:02:42","modified_gmt":"2024-09-13T16:02:42","slug":"geissele-maritime-verschlussfang","status":"publish","type":"product","link":"https:\/\/staging.nbg.eu\/de\/produkt\/geissele-maritime-verschlussfang\/","title":{"rendered":"Geissele Maritime Verschlussfang"},"content":{"rendered":"<p>\nDer Geissele Maritime Bolt Catch verbessert die Funktionalit\u00e4t Ihres AR-15:<\/p>\n<ul>\n<li>Kompatibel mit M16\/M4-Untergeh\u00e4usen nach Milit\u00e4rstandard<\/li>\n<li>Vergr\u00f6\u00dferte Oberfl\u00e4che f\u00fcr einfachere Bedienung<\/li>\n<li>Erweiterte Bedienelemente f\u00fcr Linksh\u00e4nder<\/li>\n<li>Strukturierte Oberfl\u00e4che f\u00fcr besseren Griff<\/li>\n<li>Geeignet f\u00fcr die Verwendung mit Handschuhen oder bei schlechten Lichtverh\u00e4ltnissen<\/li>\n<\/ul>\n<p>Verbessern Sie Ihr Gewehr mit diesem Bolt Catch.<\/p>\n","protected":false},"excerpt":{"rendered":"<p>Verbesserter Verschlussfanghebel mit gr\u00f6\u00dferer Oberfl\u00e4che f\u00fcr einfachere Bedienung.<\/p>\n","protected":false},"featured_media":5919,"template":"","meta":{"_acf_changed":false},"product_brand":[11387],"product_cat":[12107,12056],"product_tag":[],"class_list":{"0":"post-59712","1":"product","2":"type-product","3":"status-publish","4":"has-post-thumbnail","6":"product_brand-geissele","7":"product_cat-gewehr","8":"product_cat-gewehr-tuning","10":"first","11":"instock","12":"taxable","13":"shipping-taxable","14":"product-type-simple"},"acf":[],"_links":{"self":[{"href":"https:\/\/staging.nbg.eu\/de\/wp-json\/wp\/v2\/product\/59712","targetHints":{"allow":["GET"]}}],"collection":[{"href":"https:\/\/staging.nbg.eu\/de\/wp-json\/wp\/v2\/product"}],"about":[{"href":"https:\/\/staging.nbg.eu\/de\/wp-json\/wp\/v2\/types\/product"}],"wp:featuredmedia":[{"embeddable":true,"href":"https:\/\/staging.nbg.eu\/de\/wp-json\/wp\/v2\/media\/5919"}],"wp:attachment":[{"href":"https:\/\/staging.nbg.eu\/de\/wp-json\/wp\/v2\/media?parent=59712"}],"wp:term":[{"taxonomy":"product_brand","embeddable":true,"href":"https:\/\/staging.nbg.eu\/de\/wp-json\/wp\/v2\/product_brand?post=59712"},{"taxonomy":"product_cat","embeddable":true,"href":"https:\/\/staging.nbg.eu\/de\/wp-json\/wp\/v2\/product_cat?post=59712"},{"taxonomy":"product_tag","embeddable":true,"href":"https:\/\/staging.nbg.eu\/de\/wp-json\/wp\/v2\/product_tag?post=59712"}],"curies":[{"name":"wp","href":"https:\/\/api.w.org\/{rel}","templated":true}]}}