{"id":583692,"date":"2025-10-10T23:40:13","date_gmt":"2025-10-10T20:40:13","guid":{"rendered":"https:\/\/staging.nbg.eu\/product\/dillon-4-pack-primer-pickup-tubes-small-primer\/"},"modified":"2025-10-16T15:28:41","modified_gmt":"2025-10-16T12:28:41","slug":"dillon-4er-pack-zuendhuetchen-aufnahmeroehrchen-kleine-zuendhuetchen","status":"publish","type":"product","link":"https:\/\/staging.nbg.eu\/de\/produkt\/dillon-4er-pack-zuendhuetchen-aufnahmeroehrchen-kleine-zuendhuetchen\/","title":{"rendered":"Dillon 4er-Pack Z\u00fcndh\u00fctchen Aufnahmer\u00f6hrchen &#8211; Kleine Z\u00fcndh\u00fctchen"},"content":{"rendered":"<div class=\"product-description\">\n<h2>Dillon 4er-Pack Z\u00fcndhutrohre &#8211; Kleine Z\u00fcndh\u00fctchen<\/h2>\n<p>Diese Dillon 4er-Pack Z\u00fcndhutrohre f\u00fcr kleine Z\u00fcndh\u00fctchen sind Zubeh\u00f6rteile f\u00fcr den Wiederladevorgang. Sie sind daf\u00fcr konzipiert, den Wiederladevorgang zu vereinfachen und zu beschleunigen.<\/p>\n<ul>\n<li>Set mit 4 Aufnahmerohren f\u00fcr kleine Z\u00fcndh\u00fctchen<\/li>\n<li>Vorf\u00fcllbare Rohre f\u00fcr schnelles und effizientes Nachladen<\/li>\n<li>Kompatibel mit Dillon Ladepresse<\/li>\n<li>Erh\u00f6ht die Produktivit\u00e4t und spart Zeit<\/li>\n<\/ul>\n<p>Diese Rohre k\u00f6nnen gef\u00fcllt und bereit gehalten werden f\u00fcr kontinuierliches Nachladen. Geeignet f\u00fcr Wettkampfsch\u00fctzen und Vielwiederladende.<\/p>\n<\/div>\n","protected":false},"excerpt":{"rendered":"<p>4 kleine Z\u00fcndh\u00fctchenaufnahmer\u00f6hrchen f\u00fcr schnelles und effizientes Nachladen.<\/p>\n","protected":false},"featured_media":583707,"template":"","meta":{"_acf_changed":false},"product_brand":[],"product_cat":[12103,12057],"product_tag":[],"class_list":{"0":"post-583692","1":"product","2":"type-product","3":"status-publish","4":"has-post-thumbnail","6":"product_cat-wiederladen","7":"product_cat-wiederladen-zubehoer","9":"first","10":"instock","11":"taxable","12":"shipping-taxable","13":"purchasable","14":"product-type-simple"},"acf":[],"_links":{"self":[{"href":"https:\/\/staging.nbg.eu\/de\/wp-json\/wp\/v2\/product\/583692","targetHints":{"allow":["GET"]}}],"collection":[{"href":"https:\/\/staging.nbg.eu\/de\/wp-json\/wp\/v2\/product"}],"about":[{"href":"https:\/\/staging.nbg.eu\/de\/wp-json\/wp\/v2\/types\/product"}],"wp:featuredmedia":[{"embeddable":true,"href":"https:\/\/staging.nbg.eu\/de\/wp-json\/wp\/v2\/media\/583707"}],"wp:attachment":[{"href":"https:\/\/staging.nbg.eu\/de\/wp-json\/wp\/v2\/media?parent=583692"}],"wp:term":[{"taxonomy":"product_brand","embeddable":true,"href":"https:\/\/staging.nbg.eu\/de\/wp-json\/wp\/v2\/product_brand?post=583692"},{"taxonomy":"product_cat","embeddable":true,"href":"https:\/\/staging.nbg.eu\/de\/wp-json\/wp\/v2\/product_cat?post=583692"},{"taxonomy":"product_tag","embeddable":true,"href":"https:\/\/staging.nbg.eu\/de\/wp-json\/wp\/v2\/product_tag?post=583692"}],"curies":[{"name":"wp","href":"https:\/\/api.w.org\/{rel}","templated":true}]}}