{"id":582550,"date":"2025-10-10T18:10:11","date_gmt":"2025-10-10T15:10:11","guid":{"rendered":"https:\/\/staging.nbg.eu\/product\/daa-gripz-grip-enhancer-75-ml\/"},"modified":"2025-10-16T13:57:07","modified_gmt":"2025-10-16T10:57:07","slug":"daa-gripz-griffverstaerker-75-ml","status":"publish","type":"product","link":"https:\/\/staging.nbg.eu\/de\/produkt\/daa-gripz-griffverstaerker-75-ml\/","title":{"rendered":"DAA GRIPZ &#8211; Griffverst\u00e4rker 75 ml"},"content":{"rendered":"<div class=\"product-description\">\n<h2>DAA GRIPZ &#8211; Griffverbesserer 75 ml<\/h2>\n<p>DAA GRIPZ ist eine Lotion zur Griffverbesserung f\u00fcr IPSC- und USPSA-Pistolenschie\u00dfen. Diese 75ml-Flasche bietet einen sicheren Griff bei nassen Bedingungen und extremer Hitze.<\/p>\n<ul>\n<li>Siliziumbasierte Formel mit Alkohol und Stabilisatoren<\/li>\n<li>Verschluss mit Schnappkappe f\u00fcr einh\u00e4ndigen Zugriff<\/li>\n<li>Saubere Anwendung &#8211; trocknet nicht wei\u00df und reibt nicht leicht auf Kleidung und Pistolengriff ab<\/li>\n<li>F\u00fcr trockene Handfl\u00e4chen und sicheren Griff beim schnellen, pr\u00e4zisen Schie\u00dfen<\/li>\n<\/ul>\n<p>DAA GRIPZ kann das Schie\u00dfen verbessern.<\/p>\n<\/div>\n","protected":false},"excerpt":{"rendered":"<p>DAA GRIPZ: Verbessert den Griff f\u00fcr pr\u00e4zises Schie\u00dfen. 75ml Flasche.<\/p>\n","protected":false},"featured_media":582585,"template":"","meta":{"_acf_changed":false},"product_brand":[],"product_cat":[12123],"product_tag":[],"class_list":{"0":"post-582550","1":"product","2":"type-product","3":"status-publish","4":"has-post-thumbnail","6":"product_cat-unkategorisiert","8":"first","9":"instock","10":"taxable","11":"shipping-taxable","12":"purchasable","13":"product-type-simple"},"acf":[],"_links":{"self":[{"href":"https:\/\/staging.nbg.eu\/de\/wp-json\/wp\/v2\/product\/582550","targetHints":{"allow":["GET"]}}],"collection":[{"href":"https:\/\/staging.nbg.eu\/de\/wp-json\/wp\/v2\/product"}],"about":[{"href":"https:\/\/staging.nbg.eu\/de\/wp-json\/wp\/v2\/types\/product"}],"wp:featuredmedia":[{"embeddable":true,"href":"https:\/\/staging.nbg.eu\/de\/wp-json\/wp\/v2\/media\/582585"}],"wp:attachment":[{"href":"https:\/\/staging.nbg.eu\/de\/wp-json\/wp\/v2\/media?parent=582550"}],"wp:term":[{"taxonomy":"product_brand","embeddable":true,"href":"https:\/\/staging.nbg.eu\/de\/wp-json\/wp\/v2\/product_brand?post=582550"},{"taxonomy":"product_cat","embeddable":true,"href":"https:\/\/staging.nbg.eu\/de\/wp-json\/wp\/v2\/product_cat?post=582550"},{"taxonomy":"product_tag","embeddable":true,"href":"https:\/\/staging.nbg.eu\/de\/wp-json\/wp\/v2\/product_tag?post=582550"}],"curies":[{"name":"wp","href":"https:\/\/api.w.org\/{rel}","templated":true}]}}