{"id":579379,"date":"2025-10-10T18:09:30","date_gmt":"2025-10-10T15:09:30","guid":{"rendered":"https:\/\/staging.nbg.eu\/product\/mini-jack-556x45mm-223-rem-polimer-qd\/"},"modified":"2025-10-17T17:09:42","modified_gmt":"2025-10-17T14:09:42","slug":"mini-jack-556x45mm223-rem-polymer-qd","status":"publish","type":"product","link":"https:\/\/staging.nbg.eu\/de\/produkt\/mini-jack-556x45mm223-rem-polymer-qd\/","title":{"rendered":"Mini Jack 5,56x45mm\/.223 REM Polymer QD"},"content":{"rendered":"<h2>Mini Jack 5,56x45mm\/.223 REM Polymer QD<\/h2>\n<p>Dies ist ein kompaktes, halbautomatisches Gewehr Mini Jack QD in Polymerausf\u00fchrung, Kaliber 5,56\u00d745 mm (.223 Rem).<\/p>\n<h2>Hauptmerkmale:<\/h2>\n<ul>\n<li>Kompaktes Design mit einer Laufl\u00e4nge unter 26 cm<\/li>\n<li>Polymergeh\u00e4use f\u00fcr reduziertes Gewicht<\/li>\n<li>Vergr\u00f6\u00dferte Magazinverriegelung und Feuermodus-Wechselhebel<\/li>\n<li>Seitenschiene zur Optikinstallation<\/li>\n<li>2x QD-Befestigungspunkte<\/li>\n<\/ul>\n<h2>Technische Daten:<\/h2>\n<table>\n<tr>\n<td>Kaliber:<\/td>\n<td>5,56\u00d745 mm\/.223 Remington<\/td>\n<\/tr>\n<tr>\n<td>Gesamtl\u00e4nge:<\/td>\n<td>780 mm<\/td>\n<\/tr>\n<tr>\n<td>Laufl\u00e4nge:<\/td>\n<td>259 mm (25,9 cm)<\/td>\n<\/tr>\n<tr>\n<td>Gewicht (ungeladen):<\/td>\n<td>2,83 kg<\/td>\n<\/tr>\n<tr>\n<td>Drall:<\/td>\n<td>1:8<\/td>\n<\/tr>\n<tr>\n<td>M\u00fcndungsgewinde:<\/td>\n<td>14\u00d71 links<\/td>\n<\/tr>\n<tr>\n<td>Funktionsweise:<\/td>\n<td>Drehkopfverschluss, halbautomatisch<\/td>\n<\/tr>\n<tr>\n<td>Magazinkapazit\u00e4t:<\/td>\n<\/tr>\n<\/table>\n<h2>Beschreibung:<\/h2>\n<p>Das Mini Jack 5,56x45mm Polymer QD Gewehr hat einen verk\u00fcrzten Lauf f\u00fcr verbesserte Handhabung. Die Polymerkonstruktion reduziert das Gesamtgewicht.<\/p>\n<p>Das Gewehr verf\u00fcgt \u00fcber einen vergr\u00f6\u00dferten Feuerwahlhebel und Magazinausl\u00f6ser. Die Seitenschiene erm\u00f6glicht die Montage verschiedener Optiken.<\/p>\n<p>Mit den QD-Befestigungspunkten k\u00f6nnen Trageriemen oder anderes Zubeh\u00f6r schnell angebracht und entfernt werden.<\/p>\n<p>Das Mini Jack 5,56x45mm Polymer QD kombiniert die Zuverl\u00e4ssigkeit der AK-Plattform mit modernen Materialien und Design.<\/p>\n","protected":false},"excerpt":{"rendered":"<p>Kompaktes Polymergewehr mit 25,9 cm Lauf. Halbautomatisch, Kaliber 5,56x45mm\/.223 REM. Schnellwechsel-Montagen, Seitenschiene.<\/p>\n","protected":false},"featured_media":579412,"template":"","meta":{"_acf_changed":false},"product_brand":[],"product_cat":[12107,12104],"product_tag":[],"class_list":{"0":"post-579379","1":"product","2":"type-product","3":"status-publish","4":"has-post-thumbnail","6":"product_cat-gewehr","7":"product_cat-karabiner","9":"first","10":"outofstock","11":"taxable","12":"shipping-taxable","13":"product-type-simple"},"acf":[],"_links":{"self":[{"href":"https:\/\/staging.nbg.eu\/de\/wp-json\/wp\/v2\/product\/579379","targetHints":{"allow":["GET"]}}],"collection":[{"href":"https:\/\/staging.nbg.eu\/de\/wp-json\/wp\/v2\/product"}],"about":[{"href":"https:\/\/staging.nbg.eu\/de\/wp-json\/wp\/v2\/types\/product"}],"wp:featuredmedia":[{"embeddable":true,"href":"https:\/\/staging.nbg.eu\/de\/wp-json\/wp\/v2\/media\/579412"}],"wp:attachment":[{"href":"https:\/\/staging.nbg.eu\/de\/wp-json\/wp\/v2\/media?parent=579379"}],"wp:term":[{"taxonomy":"product_brand","embeddable":true,"href":"https:\/\/staging.nbg.eu\/de\/wp-json\/wp\/v2\/product_brand?post=579379"},{"taxonomy":"product_cat","embeddable":true,"href":"https:\/\/staging.nbg.eu\/de\/wp-json\/wp\/v2\/product_cat?post=579379"},{"taxonomy":"product_tag","embeddable":true,"href":"https:\/\/staging.nbg.eu\/de\/wp-json\/wp\/v2\/product_tag?post=579379"}],"curies":[{"name":"wp","href":"https:\/\/api.w.org\/{rel}","templated":true}]}}