{"id":577579,"date":"2025-10-10T16:06:59","date_gmt":"2025-10-10T13:06:59","guid":{"rendered":"https:\/\/staging.nbg.eu\/product\/polymer-magazine-556x45-mm-for-akm-rifles-10-rounds\/"},"modified":"2025-10-15T12:30:28","modified_gmt":"2025-10-15T09:30:28","slug":"polymermagazin-556x45-mm-fuer-akm-gewehre-10-schuss","status":"publish","type":"product","link":"https:\/\/staging.nbg.eu\/de\/produkt\/polymermagazin-556x45-mm-fuer-akm-gewehre-10-schuss\/","title":{"rendered":"Polymermagazin 5,56&#215;45 mm f\u00fcr AKM Gewehre &#8211; 10 Schuss"},"content":{"rendered":"<h2>Polymer-Magazin f\u00fcr AK 5,56&#215;45 mm \/ .223 Rem &#8211; 10 Schuss<\/h2>\n<p>Dieses Polymer-Magazin von WBP Rog\u00f3w ist f\u00fcr AK-Gewehre geeignet. Es ist f\u00fcr 5,56&#215;45 mm \/ .223 Rem Kaliber-Munition konzipiert und fasst 10 Schuss. Das Magazin ist kompatibel mit Jack, Mini Jack, Beryl und Mini Beryl Karabinern.<\/p>\n<h2>Hauptmerkmale:<\/h2>\n<ul>\n<li>Polymer-Konstruktion<\/li>\n<li>Leichtes Design<\/li>\n<li>Halbtransparenter K\u00f6rper zur Munitionskontrolle<\/li>\n<li>Stahlbodenplatte<\/li>\n<\/ul>\n<h2>Technische Daten:<\/h2>\n<ul>\n<li>K\u00f6rper: Polymer<\/li>\n<li>Zubringer: Stahl<\/li>\n<li>Kaliber: 5,56&#215;45 mm \/ .223 Rem<\/li>\n<li>Kapazit\u00e4t: 10 Schuss<\/li>\n<li>Gewicht: 103 g<\/li>\n<li>Farbe: Transparent<\/li>\n<\/ul>\n<p>Dieses Magazin ist f\u00fcr AK-Gewehre verf\u00fcgbar.<\/p>\n","protected":false},"excerpt":{"rendered":"<p>Polymer AK-Magazin, 10 Schuss, 5,56\u00d745\/.223, halbtransparent, WBP Rog\u00f3w<\/p>\n","protected":false},"featured_media":577620,"template":"","meta":{"_acf_changed":false},"product_brand":[],"product_cat":[12107,12090],"product_tag":[],"class_list":{"0":"post-577579","1":"product","2":"type-product","3":"status-publish","4":"has-post-thumbnail","6":"product_cat-gewehr","7":"product_cat-gewehrmagazine","9":"first","10":"outofstock","11":"taxable","12":"shipping-taxable","13":"product-type-simple"},"acf":[],"_links":{"self":[{"href":"https:\/\/staging.nbg.eu\/de\/wp-json\/wp\/v2\/product\/577579","targetHints":{"allow":["GET"]}}],"collection":[{"href":"https:\/\/staging.nbg.eu\/de\/wp-json\/wp\/v2\/product"}],"about":[{"href":"https:\/\/staging.nbg.eu\/de\/wp-json\/wp\/v2\/types\/product"}],"wp:featuredmedia":[{"embeddable":true,"href":"https:\/\/staging.nbg.eu\/de\/wp-json\/wp\/v2\/media\/577620"}],"wp:attachment":[{"href":"https:\/\/staging.nbg.eu\/de\/wp-json\/wp\/v2\/media?parent=577579"}],"wp:term":[{"taxonomy":"product_brand","embeddable":true,"href":"https:\/\/staging.nbg.eu\/de\/wp-json\/wp\/v2\/product_brand?post=577579"},{"taxonomy":"product_cat","embeddable":true,"href":"https:\/\/staging.nbg.eu\/de\/wp-json\/wp\/v2\/product_cat?post=577579"},{"taxonomy":"product_tag","embeddable":true,"href":"https:\/\/staging.nbg.eu\/de\/wp-json\/wp\/v2\/product_tag?post=577579"}],"curies":[{"name":"wp","href":"https:\/\/api.w.org\/{rel}","templated":true}]}}