{"id":574732,"date":"2025-10-10T12:34:45","date_gmt":"2025-10-10T09:34:45","guid":{"rendered":"https:\/\/staging.nbg.eu\/product\/trigger-kmr-sa-da-straight-from-2024\/"},"modified":"2025-10-15T11:10:40","modified_gmt":"2025-10-15T08:10:40","slug":"abzug-kmr-sada-gerade-ab-2024","status":"publish","type":"product","link":"https:\/\/staging.nbg.eu\/de\/produkt\/abzug-kmr-sada-gerade-ab-2024\/","title":{"rendered":"ABZUG KMR SA\/DA GERADE (ab 2024)"},"content":{"rendered":"<h2>ABZUG KMR SA\/DA GERADE (ab 2024)<\/h2>\n<h2>Referenz: 0861-02301-0900<\/h2>\n<h3>Marke: KMR Precision Arms<\/h3>\n<p>Der ABZUG KMR SA\/DA GERADE ist f\u00fcr KMR-Pistolen ab Baujahr 2024 konzipiert. Dieser Ersatzabzug ist mit Modellen mit Aluminium- und Stahlrahmen kompatibel.<\/p>\n<ul>\n<li>Gerader Abzug f\u00fcr gleichm\u00e4\u00dfigen Abzug<\/li>\n<li>Kompatibel mit 3 mm Abzugstift<\/li>\n<li>Funktioniert mit L SA\/DA oder W SA\/DA Abzugstange<\/li>\n<li>Aus Stahl gefertigt<\/li>\n<li>Passend f\u00fcr KMR-Modelle: L-02 SPECTRA, L-02 UMBRA, S-01 LANCE (OR), S-02 und W-02 UMBRA<\/li>\n<\/ul>\n<p>Dieser gerade Abzug ist f\u00fcr den Einsatz im Single- und Double-Action-Modus ausgelegt und f\u00fcr KMR-Pistolen geeignet.<\/p>\n","protected":false},"excerpt":{"rendered":"<p>Gerader SA\/DA-Stahlabzug f\u00fcr KMR-Pistolen ab 2024. Kompatibel mit 3mm-Stift.<\/p>\n","protected":false},"featured_media":574768,"template":"","meta":{"_acf_changed":false},"product_brand":[],"product_cat":[12059],"product_tag":[],"class_list":{"0":"post-574732","1":"product","2":"type-product","3":"status-publish","4":"has-post-thumbnail","6":"product_cat-kmr-teile","8":"first","9":"instock","10":"taxable","11":"shipping-taxable","12":"purchasable","13":"product-type-simple"},"acf":[],"_links":{"self":[{"href":"https:\/\/staging.nbg.eu\/de\/wp-json\/wp\/v2\/product\/574732","targetHints":{"allow":["GET"]}}],"collection":[{"href":"https:\/\/staging.nbg.eu\/de\/wp-json\/wp\/v2\/product"}],"about":[{"href":"https:\/\/staging.nbg.eu\/de\/wp-json\/wp\/v2\/types\/product"}],"wp:featuredmedia":[{"embeddable":true,"href":"https:\/\/staging.nbg.eu\/de\/wp-json\/wp\/v2\/media\/574768"}],"wp:attachment":[{"href":"https:\/\/staging.nbg.eu\/de\/wp-json\/wp\/v2\/media?parent=574732"}],"wp:term":[{"taxonomy":"product_brand","embeddable":true,"href":"https:\/\/staging.nbg.eu\/de\/wp-json\/wp\/v2\/product_brand?post=574732"},{"taxonomy":"product_cat","embeddable":true,"href":"https:\/\/staging.nbg.eu\/de\/wp-json\/wp\/v2\/product_cat?post=574732"},{"taxonomy":"product_tag","embeddable":true,"href":"https:\/\/staging.nbg.eu\/de\/wp-json\/wp\/v2\/product_tag?post=574732"}],"curies":[{"name":"wp","href":"https:\/\/api.w.org\/{rel}","templated":true}]}}