{"id":56397,"date":"2024-02-23T19:02:45","date_gmt":"2024-09-13T13:22:34","guid":{"rendered":"https:\/\/staging.nbg.eu\/product\/fox-classic-hunter-5-6-mm-505560-gr\/"},"modified":"2024-09-13T13:23:26","modified_gmt":"2024-09-13T13:23:26","slug":"fox-classic-hunter-56-mm-505560-gr","status":"publish","type":"product","link":"https:\/\/staging.nbg.eu\/de\/produkt\/fox-classic-hunter-56-mm-505560-gr\/","title":{"rendered":"Fox Classic Hunter 5,6 mm (50,55,60 gr)"},"content":{"rendered":"<div class=\"product-description\">\n<h2>Fox Classic Hunter<\/h2>\n<p>Der Fox Classic Hunter ist ein bleifreies Geschoss f\u00fcr europ\u00e4ische J\u00e4ger in verschiedenen Jagdsituationen. Es ist f\u00fcr Dr\u00fcckjagden auf Wildschweine oder die Gams-Jagd im Gebirge geeignet. Das Geschoss besteht aus einer Kupfer-Zink-Legierung.<\/p>\n<ul>\n<li>Bleifreie Zusammensetzung<\/li>\n<li>Verformung bei niedrigen Auftreffgeschwindigkeiten (500 m\/s)<\/li>\n<li>Gerilltes Design f\u00fcr reduzierten Laufdruck und erh\u00f6hte Geschwindigkeit<\/li>\n<li>Thermostabile Kunststoffspitze f\u00fcr verbesserte Ballistik und Wirkung<\/li>\n<li>Kontrollierte Expansion f\u00fcr Energie\u00fcbertragung<\/li>\n<li>Pilzf\u00f6rmige Verformung bis zum Zweifachen des Kaliberdurchmessers<\/li>\n<li>Hohe Stoppwirkung bei geringem Wildbretschaden<\/li>\n<\/ul>\n<p>Der Fox Classic Hunter ist f\u00fcr die Jagd in Europa geeignet.<\/p>\n<\/div>\n","protected":false},"excerpt":{"rendered":"<p>Bleifreie Kupfer-Zink-Kugel f\u00fcr vielseitige Jagdeins\u00e4tze. Schnelle Expansion, hohe Pr\u00e4zision.<\/p>\n","protected":false},"featured_media":6793,"template":"","meta":{"_acf_changed":false},"product_brand":[11331],"product_cat":[12086,12103],"product_tag":[],"class_list":{"0":"post-56397","1":"product","2":"type-product","3":"status-publish","4":"has-post-thumbnail","6":"product_brand-fox-bullets","7":"product_cat-geschosse","8":"product_cat-wiederladen","10":"first","11":"instock","12":"taxable","13":"shipping-taxable","14":"purchasable","15":"product-type-variable","16":"wvs-archive-product-wrapper"},"acf":[],"_links":{"self":[{"href":"https:\/\/staging.nbg.eu\/de\/wp-json\/wp\/v2\/product\/56397","targetHints":{"allow":["GET"]}}],"collection":[{"href":"https:\/\/staging.nbg.eu\/de\/wp-json\/wp\/v2\/product"}],"about":[{"href":"https:\/\/staging.nbg.eu\/de\/wp-json\/wp\/v2\/types\/product"}],"wp:featuredmedia":[{"embeddable":true,"href":"https:\/\/staging.nbg.eu\/de\/wp-json\/wp\/v2\/media\/6793"}],"wp:attachment":[{"href":"https:\/\/staging.nbg.eu\/de\/wp-json\/wp\/v2\/media?parent=56397"}],"wp:term":[{"taxonomy":"product_brand","embeddable":true,"href":"https:\/\/staging.nbg.eu\/de\/wp-json\/wp\/v2\/product_brand?post=56397"},{"taxonomy":"product_cat","embeddable":true,"href":"https:\/\/staging.nbg.eu\/de\/wp-json\/wp\/v2\/product_cat?post=56397"},{"taxonomy":"product_tag","embeddable":true,"href":"https:\/\/staging.nbg.eu\/de\/wp-json\/wp\/v2\/product_tag?post=56397"}],"curies":[{"name":"wp","href":"https:\/\/api.w.org\/{rel}","templated":true}]}}