{"id":55648,"date":"2024-02-28T06:22:19","date_gmt":"2024-09-13T13:13:32","guid":{"rendered":"https:\/\/staging.nbg.eu\/product\/fox-ammunition-243win-80-gr\/"},"modified":"2024-09-13T13:14:25","modified_gmt":"2024-09-13T13:14:25","slug":"fox-munition-243win-80-gr","status":"publish","type":"product","link":"https:\/\/staging.nbg.eu\/de\/produkt\/fox-munition-243win-80-gr\/","title":{"rendered":"Fox Munition .243win (80 gr)"},"content":{"rendered":"<div class=\"product-description\">\n<h2>Fox Classic Hunter Munition<\/h2>\n<p>Fox Classic Hunter Geschosse sind bleifrei und f\u00fcr alle europ\u00e4ischen Jagdszenarien konzipiert. Aus Kupfer-Zink-Legierung hergestellt, bieten sie:<\/p>\n<ul>\n<li>Leistung bei Nahbereichsjagd auf Wildschweine bis hin zu Weitsch\u00fcssen im Gebirge<\/li>\n<li>Verformung bei niedrigen Auftreffgeschwindigkeiten (500 m\/s)<\/li>\n<li>Gerilltes Design f\u00fcr reduzierten Laufdruck und erh\u00f6hte Geschwindigkeit<\/li>\n<li>Thermostabile Kunststoffspitze f\u00fcr Ballistik und Endwirkung<\/li>\n<li>Kontrollierte Expansion f\u00fcr Energie\u00fcbertragung und Stoppwirkung<\/li>\n<li>Pilzf\u00f6rmige Verformung bis zum Doppelten des Kaliberdurchmessers<\/li>\n<li>95%+ Masseerhalt unter normalen Eindringbedingungen<\/li>\n<li>Wildbrethygiene<\/li>\n<\/ul>\n<p>Fox Classic Hunter Munition f\u00fcr Jagdleistung.<\/p>\n<\/div>\n","protected":false},"excerpt":{"rendered":"<p>Bleifreie Munition f\u00fcr vielseitige europ\u00e4ische Jagd. Pr\u00e4zise und effektiv.<\/p>\n","protected":false},"featured_media":7140,"template":"","meta":{"_acf_changed":false},"product_brand":[11331],"product_cat":[12119,12082],"product_tag":[],"class_list":{"0":"post-55648","1":"product","2":"type-product","3":"status-publish","4":"has-post-thumbnail","6":"product_brand-fox-bullets","7":"product_cat-gewehrmunition","8":"product_cat-munition","10":"first","11":"instock","12":"taxable","13":"shipping-taxable","14":"purchasable","15":"product-type-simple"},"acf":[],"_links":{"self":[{"href":"https:\/\/staging.nbg.eu\/de\/wp-json\/wp\/v2\/product\/55648","targetHints":{"allow":["GET"]}}],"collection":[{"href":"https:\/\/staging.nbg.eu\/de\/wp-json\/wp\/v2\/product"}],"about":[{"href":"https:\/\/staging.nbg.eu\/de\/wp-json\/wp\/v2\/types\/product"}],"wp:featuredmedia":[{"embeddable":true,"href":"https:\/\/staging.nbg.eu\/de\/wp-json\/wp\/v2\/media\/7140"}],"wp:attachment":[{"href":"https:\/\/staging.nbg.eu\/de\/wp-json\/wp\/v2\/media?parent=55648"}],"wp:term":[{"taxonomy":"product_brand","embeddable":true,"href":"https:\/\/staging.nbg.eu\/de\/wp-json\/wp\/v2\/product_brand?post=55648"},{"taxonomy":"product_cat","embeddable":true,"href":"https:\/\/staging.nbg.eu\/de\/wp-json\/wp\/v2\/product_cat?post=55648"},{"taxonomy":"product_tag","embeddable":true,"href":"https:\/\/staging.nbg.eu\/de\/wp-json\/wp\/v2\/product_tag?post=55648"}],"curies":[{"name":"wp","href":"https:\/\/api.w.org\/{rel}","templated":true}]}}