{"id":555051,"date":"2025-09-06T16:22:33","date_gmt":"2025-09-06T13:22:33","guid":{"rendered":"https:\/\/staging.nbg.eu\/product\/magnetospeed-llc-barrel-cooler\/"},"modified":"2025-10-01T16:52:42","modified_gmt":"2025-10-01T13:52:42","slug":"magnetospeed-llc-laufkuehler","status":"publish","type":"product","link":"https:\/\/staging.nbg.eu\/de\/produkt\/magnetospeed-llc-laufkuehler\/","title":{"rendered":"MAGNETOSPEED LLC Laufk\u00fchler"},"content":{"rendered":"<div class=\"product-description\">\n<h2>MAGNETOSPEED LLC Laufk\u00fchler<\/h2>\n<p>Halten Sie den Lauf Ihrer Waffe k\u00fchl und verl\u00e4ngern Sie Ihre Schie\u00dfsessions mit dem MAGNETOSPEED LLC Laufk\u00fchler. Dieses Ger\u00e4t wird sicher am Lauf befestigt und sorgt f\u00fcr eine schnelle W\u00e4rmeableitung.<\/p>\n<ul>\n<li>Kompatibel mit den meisten Gewehr- und Pistolenl\u00e4ufen<\/li>\n<li>Robuste Aluminiumkonstruktion<\/li>\n<li>Einfach zu verwendendes magnetisches Befestigungssystem<\/li>\n<li>Reduziert die Lauftemperatur um bis zu 50%<\/li>\n<li>Kompaktes und leichtes Design f\u00fcr Mobilit\u00e4t<\/li>\n<\/ul>\n<p>Der MAGNETOSPEED LLC Laufk\u00fchler sorgt daf\u00fcr, dass Ihre Waffe ihre Leistung beibeh\u00e4lt. Dieses Zubeh\u00f6r verhindert, dass \u00dcberhitzung Ihr Schie\u00dferlebnis einschr\u00e4nkt.<\/p>\n<\/div>\n","protected":false},"excerpt":{"rendered":"<p>Schnelle Laufk\u00fchlvorrichtung f\u00fcr Schusswaffen. Verbessert Genauigkeit und Lebensdauer.<\/p>\n","protected":false},"featured_media":499604,"template":"","meta":{"_acf_changed":false},"product_brand":[],"product_cat":[12107,12056],"product_tag":[],"class_list":{"0":"post-555051","1":"product","2":"type-product","3":"status-publish","4":"has-post-thumbnail","6":"product_cat-gewehr","7":"product_cat-gewehr-tuning","9":"first","10":"instock","11":"taxable","12":"shipping-taxable","13":"purchasable","14":"product-type-simple"},"acf":[],"_links":{"self":[{"href":"https:\/\/staging.nbg.eu\/de\/wp-json\/wp\/v2\/product\/555051","targetHints":{"allow":["GET"]}}],"collection":[{"href":"https:\/\/staging.nbg.eu\/de\/wp-json\/wp\/v2\/product"}],"about":[{"href":"https:\/\/staging.nbg.eu\/de\/wp-json\/wp\/v2\/types\/product"}],"wp:featuredmedia":[{"embeddable":true,"href":"https:\/\/staging.nbg.eu\/de\/wp-json\/wp\/v2\/media\/499604"}],"wp:attachment":[{"href":"https:\/\/staging.nbg.eu\/de\/wp-json\/wp\/v2\/media?parent=555051"}],"wp:term":[{"taxonomy":"product_brand","embeddable":true,"href":"https:\/\/staging.nbg.eu\/de\/wp-json\/wp\/v2\/product_brand?post=555051"},{"taxonomy":"product_cat","embeddable":true,"href":"https:\/\/staging.nbg.eu\/de\/wp-json\/wp\/v2\/product_cat?post=555051"},{"taxonomy":"product_tag","embeddable":true,"href":"https:\/\/staging.nbg.eu\/de\/wp-json\/wp\/v2\/product_tag?post=555051"}],"curies":[{"name":"wp","href":"https:\/\/api.w.org\/{rel}","templated":true}]}}