{"id":554267,"date":"2025-09-06T16:21:27","date_gmt":"2025-09-06T13:21:27","guid":{"rendered":"https:\/\/staging.nbg.eu\/product\/armazone-q-r-viper-30mm\/"},"modified":"2025-10-01T16:26:09","modified_gmt":"2025-10-01T13:26:09","slug":"armazone-q-r-viper-30mm","status":"publish","type":"product","link":"https:\/\/staging.nbg.eu\/de\/produkt\/armazone-q-r-viper-30mm\/","title":{"rendered":"# Armazone Q-R Viper 30mm"},"content":{"rendered":"<h2>Armazone Q-R Viper 30mm<\/h2>\n<p>Der Armazone Q-R Viper 30mm ist ein Schnellverschluss-Adapter f\u00fcr Ger\u00e4te mit M33,5\u00d70,75 Gewinde. Dieser einteilige Klemmadapter erm\u00f6glicht die Integration von Nachtsicht- oder W\u00e4rmebildger\u00e4ten mit verschiedenen Tagessichtger\u00e4ten.<\/p>\n<h2>Hauptmerkmale:<\/h2>\n<ul>\n<li>Schnellverschlusshebel f\u00fcr einfache Montage und Demontage<\/li>\n<li>Werkzeuglose Einstellung und Installation<\/li>\n<li>ArmaZone-Band zur Ger\u00e4uschreduzierung bei Montage und Schuss<\/li>\n<li>Kompatibel mit Nitehog W\u00e4rmebildger\u00e4ten<\/li>\n<li>Gleicht bis zu 1mm Abw\u00e4rtsneigung aus<\/li>\n<\/ul>\n<p>Der Armazone Q-R Viper 30mm ist eine L\u00f6sung f\u00fcr Sch\u00fctzen und J\u00e4ger, die erweiterte Nachtsichtf\u00e4higkeiten ben\u00f6tigen.<\/p>\n","protected":false},"excerpt":{"rendered":"<p>Schnellverschluss-Adapter f\u00fcr thermische Ger\u00e4te an Nitehog-Zielfernrohren. Werkzeuglos.<\/p>\n","protected":false},"featured_media":499534,"template":"","meta":{"_acf_changed":false},"product_brand":[],"product_cat":[12038,12083,12040],"product_tag":[],"class_list":{"0":"post-554267","1":"product","2":"type-product","3":"status-publish","4":"has-post-thumbnail","6":"product_cat-thermisch","7":"product_cat-zielen","8":"product_cat-zielzubehoer","10":"first","11":"instock","12":"taxable","13":"shipping-taxable","14":"purchasable","15":"product-type-simple"},"acf":[],"_links":{"self":[{"href":"https:\/\/staging.nbg.eu\/de\/wp-json\/wp\/v2\/product\/554267","targetHints":{"allow":["GET"]}}],"collection":[{"href":"https:\/\/staging.nbg.eu\/de\/wp-json\/wp\/v2\/product"}],"about":[{"href":"https:\/\/staging.nbg.eu\/de\/wp-json\/wp\/v2\/types\/product"}],"wp:featuredmedia":[{"embeddable":true,"href":"https:\/\/staging.nbg.eu\/de\/wp-json\/wp\/v2\/media\/499534"}],"wp:attachment":[{"href":"https:\/\/staging.nbg.eu\/de\/wp-json\/wp\/v2\/media?parent=554267"}],"wp:term":[{"taxonomy":"product_brand","embeddable":true,"href":"https:\/\/staging.nbg.eu\/de\/wp-json\/wp\/v2\/product_brand?post=554267"},{"taxonomy":"product_cat","embeddable":true,"href":"https:\/\/staging.nbg.eu\/de\/wp-json\/wp\/v2\/product_cat?post=554267"},{"taxonomy":"product_tag","embeddable":true,"href":"https:\/\/staging.nbg.eu\/de\/wp-json\/wp\/v2\/product_tag?post=554267"}],"curies":[{"name":"wp","href":"https:\/\/api.w.org\/{rel}","templated":true}]}}