{"id":554021,"date":"2025-09-06T16:21:27","date_gmt":"2025-09-06T13:21:27","guid":{"rendered":"https:\/\/staging.nbg.eu\/product\/armazone-q-r-viper-48mm\/"},"modified":"2025-10-01T16:17:22","modified_gmt":"2025-10-01T13:17:22","slug":"armazone-q-r-viper-48mm","status":"publish","type":"product","link":"https:\/\/staging.nbg.eu\/de\/produkt\/armazone-q-r-viper-48mm\/","title":{"rendered":"Armazone Q-R Viper 48mm"},"content":{"rendered":"<h2>Armazone Q-R Viper 48mm<\/h2>\n<p>Der Armazone Q-R Viper 48mm ist ein Adapter zur Montage von W\u00e4rmebildger\u00e4ten auf Nitehog-Ger\u00e4ten. Er verf\u00fcgt \u00fcber einen Schnellverschlussmechanismus und ein Hebelsystem.<\/p>\n<h2>Hauptmerkmale:<\/h2>\n<ul>\n<li>Schnellverschlusshebel f\u00fcr einfache Montage und Demontage<\/li>\n<li>Werkzeuglose Bedienung nach der Einstellung<\/li>\n<li>Kompatibel mit Nitehog-Zielfernrohren<\/li>\n<li>F\u00fcr sichere Befestigung konstruiert<\/li>\n<\/ul>\n<p><strong>Hinweis:<\/strong> Dieser Adapter kann eine maximale Abw\u00e4rtsneigung von 1mm ausgleichen. Er ist keine universelle L\u00f6sung f\u00fcr alle Montagesituationen.<\/p>\n<p>Der Armazone Q-R Viper 48mm erweitert die Einsatzm\u00f6glichkeiten Ihrer W\u00e4rmebildausr\u00fcstung im Feld.<\/p>\n","protected":false},"excerpt":{"rendered":"<p>Schnellspann-W\u00e4rmebildadapter f\u00fcr Nitehog-Zielfernrohre. Werkzeuglose Montage.<\/p>\n","protected":false},"featured_media":499488,"template":"","meta":{"_acf_changed":false},"product_brand":[],"product_cat":[12038,12083,12040],"product_tag":[],"class_list":{"0":"post-554021","1":"product","2":"type-product","3":"status-publish","4":"has-post-thumbnail","6":"product_cat-thermisch","7":"product_cat-zielen","8":"product_cat-zielzubehoer","10":"first","11":"instock","12":"taxable","13":"shipping-taxable","14":"purchasable","15":"product-type-simple"},"acf":[],"_links":{"self":[{"href":"https:\/\/staging.nbg.eu\/de\/wp-json\/wp\/v2\/product\/554021","targetHints":{"allow":["GET"]}}],"collection":[{"href":"https:\/\/staging.nbg.eu\/de\/wp-json\/wp\/v2\/product"}],"about":[{"href":"https:\/\/staging.nbg.eu\/de\/wp-json\/wp\/v2\/types\/product"}],"wp:featuredmedia":[{"embeddable":true,"href":"https:\/\/staging.nbg.eu\/de\/wp-json\/wp\/v2\/media\/499488"}],"wp:attachment":[{"href":"https:\/\/staging.nbg.eu\/de\/wp-json\/wp\/v2\/media?parent=554021"}],"wp:term":[{"taxonomy":"product_brand","embeddable":true,"href":"https:\/\/staging.nbg.eu\/de\/wp-json\/wp\/v2\/product_brand?post=554021"},{"taxonomy":"product_cat","embeddable":true,"href":"https:\/\/staging.nbg.eu\/de\/wp-json\/wp\/v2\/product_cat?post=554021"},{"taxonomy":"product_tag","embeddable":true,"href":"https:\/\/staging.nbg.eu\/de\/wp-json\/wp\/v2\/product_tag?post=554021"}],"curies":[{"name":"wp","href":"https:\/\/api.w.org\/{rel}","templated":true}]}}