{"id":54771,"date":"2024-03-01T10:55:25","date_gmt":"2024-09-13T13:05:08","guid":{"rendered":"https:\/\/staging.nbg.eu\/product\/fox-ammunition-30-06-spring-165-180-gr\/"},"modified":"2024-09-13T13:06:01","modified_gmt":"2024-09-13T13:06:01","slug":"fox-munition-30-06-spring-165180-gr","status":"publish","type":"product","link":"https:\/\/staging.nbg.eu\/de\/produkt\/fox-munition-30-06-spring-165180-gr\/","title":{"rendered":"Fox Munition 30-06 Spring. (165\/180 gr)"},"content":{"rendered":"<div class=\"product-description\">\n<h2>Fox Classic Hunter Munition<\/h2>\n<p>Fox Classic Hunter Geschosse sind bleifrei und f\u00fcr alle europ\u00e4ischen Jagdszenarien konzipiert. Hergestellt aus einer Kupfer-Zink-Legierung bieten sie:<\/p>\n<ul>\n<li>Leistung bei Nahbereich-Wildschweinjagden bis hin zu Weitsch\u00fcssen im Gebirge<\/li>\n<li>Deformation bei niedrigeren Auftreffgeschwindigkeiten (500 m\/s)<\/li>\n<li>Gerilltes Design f\u00fcr reduzierten Laufdruck und erh\u00f6hte Geschwindigkeit<\/li>\n<li>Thermostabile Kunststoffspitze f\u00fcr verbesserte Ballistik und Wirkung im Ziel<\/li>\n<li>Kontrollierte Expansion f\u00fcr Energie\u00fcbertragung und Stoppwirkung<\/li>\n<li>Pilzf\u00f6rmige Deformation bis zum Doppelten des Kaliberdurchmessers<\/li>\n<li>95%+ Masseerhalt unter normalen Eindringbedingungen<\/li>\n<li>Wildbreterhaltung<\/li>\n<\/ul>\n<p>Fox Classic Hunter Munition f\u00fcr Leistung und waidgerechte Jagd.<\/p>\n<\/div>\n","protected":false},"excerpt":{"rendered":"<p>Bleifreie Munition f\u00fcr vielseitige europ\u00e4ische Jagd. Pr\u00e4zise und effektiv.<\/p>\n","protected":false},"featured_media":7268,"template":"","meta":{"_acf_changed":false},"product_brand":[11331],"product_cat":[12119,12092,12082],"product_tag":[],"class_list":{"0":"post-54771","1":"product","2":"type-product","3":"status-publish","4":"has-post-thumbnail","6":"product_brand-fox-bullets","7":"product_cat-gewehrmunition","8":"product_cat-lizenziert","9":"product_cat-munition","11":"first","12":"instock","13":"taxable","14":"shipping-taxable","15":"purchasable","16":"product-type-variable","17":"wvs-archive-product-wrapper"},"acf":[],"_links":{"self":[{"href":"https:\/\/staging.nbg.eu\/de\/wp-json\/wp\/v2\/product\/54771","targetHints":{"allow":["GET"]}}],"collection":[{"href":"https:\/\/staging.nbg.eu\/de\/wp-json\/wp\/v2\/product"}],"about":[{"href":"https:\/\/staging.nbg.eu\/de\/wp-json\/wp\/v2\/types\/product"}],"wp:featuredmedia":[{"embeddable":true,"href":"https:\/\/staging.nbg.eu\/de\/wp-json\/wp\/v2\/media\/7268"}],"wp:attachment":[{"href":"https:\/\/staging.nbg.eu\/de\/wp-json\/wp\/v2\/media?parent=54771"}],"wp:term":[{"taxonomy":"product_brand","embeddable":true,"href":"https:\/\/staging.nbg.eu\/de\/wp-json\/wp\/v2\/product_brand?post=54771"},{"taxonomy":"product_cat","embeddable":true,"href":"https:\/\/staging.nbg.eu\/de\/wp-json\/wp\/v2\/product_cat?post=54771"},{"taxonomy":"product_tag","embeddable":true,"href":"https:\/\/staging.nbg.eu\/de\/wp-json\/wp\/v2\/product_tag?post=54771"}],"curies":[{"name":"wp","href":"https:\/\/api.w.org\/{rel}","templated":true}]}}