{"id":547572,"date":"2025-09-05T18:17:28","date_gmt":"2025-09-05T15:17:28","guid":{"rendered":"https:\/\/staging.nbg.eu\/product\/armazone-q-r-viper-62mm\/"},"modified":"2025-10-01T11:33:32","modified_gmt":"2025-10-01T08:33:32","slug":"armazone-q-r-viper-62mm","status":"publish","type":"product","link":"https:\/\/staging.nbg.eu\/de\/produkt\/armazone-q-r-viper-62mm\/","title":{"rendered":"Armazone Q-R Viper 62mm"},"content":{"rendered":"<div class=\"product-description\">\n<h2>Armazone Q-R Viper 62mm Schnellverschluss-Adapter<\/h2>\n<p>Der Armazone Q-R Viper 62mm Schnellverschluss-Adapter ist f\u00fcr die Integration mit W\u00e4rmebildclips und Spektiven mit einem Objektiv-Au\u00dfendurchmesser von 62mm konzipiert.<\/p>\n<h2>Hauptmerkmale:<\/h2>\n<ul>\n<li>Einteilige Aluminiumkonstruktion<\/li>\n<li>Schnelle Installation und Entfernung<\/li>\n<li>Einstellbare Klemmkraft<\/li>\n<li>Kompatibel mit den meisten Zielfernrohren<\/li>\n<li>Geeignet f\u00fcr Nitehog W\u00e4rmebildger\u00e4te<\/li>\n<\/ul>\n<p>Der Schnellverschlusshebel des Q-R Viper erm\u00f6glicht mehrfache Montagen ohne zus\u00e4tzliche Werkzeuge. F\u00fcr J\u00e4ger und Outdoor-Enthusiasten geeignet. Hinweis: Der Adapter kompensiert eine maximale Abweichung von 1mm nach unten.<\/p>\n<\/div>\n","protected":false},"excerpt":{"rendered":"<p>Schnellspann-Adapter f\u00fcr 62-mm-Zielfernrohre. Einfache Montage f\u00fcr W\u00e4rmebildger\u00e4te.<\/p>\n","protected":false},"featured_media":499399,"template":"","meta":{"_acf_changed":false},"product_brand":[],"product_cat":[12038,12083,12040],"product_tag":[],"class_list":{"0":"post-547572","1":"product","2":"type-product","3":"status-publish","4":"has-post-thumbnail","6":"product_cat-thermisch","7":"product_cat-zielen","8":"product_cat-zielzubehoer","10":"first","11":"instock","12":"taxable","13":"shipping-taxable","14":"purchasable","15":"product-type-simple"},"acf":[],"_links":{"self":[{"href":"https:\/\/staging.nbg.eu\/de\/wp-json\/wp\/v2\/product\/547572","targetHints":{"allow":["GET"]}}],"collection":[{"href":"https:\/\/staging.nbg.eu\/de\/wp-json\/wp\/v2\/product"}],"about":[{"href":"https:\/\/staging.nbg.eu\/de\/wp-json\/wp\/v2\/types\/product"}],"wp:featuredmedia":[{"embeddable":true,"href":"https:\/\/staging.nbg.eu\/de\/wp-json\/wp\/v2\/media\/499399"}],"wp:attachment":[{"href":"https:\/\/staging.nbg.eu\/de\/wp-json\/wp\/v2\/media?parent=547572"}],"wp:term":[{"taxonomy":"product_brand","embeddable":true,"href":"https:\/\/staging.nbg.eu\/de\/wp-json\/wp\/v2\/product_brand?post=547572"},{"taxonomy":"product_cat","embeddable":true,"href":"https:\/\/staging.nbg.eu\/de\/wp-json\/wp\/v2\/product_cat?post=547572"},{"taxonomy":"product_tag","embeddable":true,"href":"https:\/\/staging.nbg.eu\/de\/wp-json\/wp\/v2\/product_tag?post=547572"}],"curies":[{"name":"wp","href":"https:\/\/api.w.org\/{rel}","templated":true}]}}