{"id":545069,"date":"2025-09-05T18:09:58","date_gmt":"2025-09-05T15:09:58","guid":{"rendered":"https:\/\/staging.nbg.eu\/product\/muzzle-break-vanward-pro-break-for-qd55\/"},"modified":"2025-10-01T10:23:46","modified_gmt":"2025-10-01T07:23:46","slug":"muendungsbremse-vanward-pro-break-fuer-qd55","status":"publish","type":"product","link":"https:\/\/staging.nbg.eu\/de\/produkt\/muendungsbremse-vanward-pro-break-fuer-qd55\/","title":{"rendered":"Muendungsbremse Vanward Pro-Break fuer QD55"},"content":{"rendered":"<div class=\"product-description\">\n<h2>M\u00fcndungsbremse Vanward Pro-Break f\u00fcr QD55<\/h2>\n<p>Die Vanward Pro-Brake ist eine weiterentwickelte Version der Fafnir von Salamander Tactical. Diese M\u00fcndungsbremse bietet:<\/p>\n<ul>\n<li>78% R\u00fccksto\u00dfreduzierung (getestet von Vaapentidingen)<\/li>\n<li>Integration mit Vanward QD55 Schalld\u00e4mpfer<\/li>\n<li>Montage und Ausrichtung mit mitgelieferter Kontermutter<\/li>\n<li>Gewicht von 174 Gramm<\/li>\n<\/ul>\n<p>Sie kann eine Patronenh\u00fclse w\u00e4hrend eines Schusses mit 6,5&#215;47 Kaliber balancieren. Geeignet f\u00fcr Pr\u00e4zisionssch\u00fctzen, die Leistung und Schalld\u00e4mpferkompatibilit\u00e4t ben\u00f6tigen.<\/p>\n<\/div>\n","protected":false},"excerpt":{"rendered":"<p>Fortschrittliche R\u00fccksto\u00dfbremse f\u00fcr QD55, 78% Reduzierung. Schalld\u00e4mpfer-kompatibel.<\/p>\n","protected":false},"featured_media":498974,"template":"","meta":{"_acf_changed":false},"product_brand":[],"product_cat":[12107,12060,12056,12079],"product_tag":[],"class_list":{"0":"post-545069","1":"product","2":"type-product","3":"status-publish","4":"has-post-thumbnail","6":"product_cat-gewehr","7":"product_cat-gewehr-schalldaempfer","8":"product_cat-gewehr-tuning","9":"product_cat-schalldaempfer-zubehoer","11":"first","12":"outofstock","13":"taxable","14":"shipping-taxable","15":"product-type-simple"},"acf":[],"_links":{"self":[{"href":"https:\/\/staging.nbg.eu\/de\/wp-json\/wp\/v2\/product\/545069","targetHints":{"allow":["GET"]}}],"collection":[{"href":"https:\/\/staging.nbg.eu\/de\/wp-json\/wp\/v2\/product"}],"about":[{"href":"https:\/\/staging.nbg.eu\/de\/wp-json\/wp\/v2\/types\/product"}],"wp:featuredmedia":[{"embeddable":true,"href":"https:\/\/staging.nbg.eu\/de\/wp-json\/wp\/v2\/media\/498974"}],"wp:attachment":[{"href":"https:\/\/staging.nbg.eu\/de\/wp-json\/wp\/v2\/media?parent=545069"}],"wp:term":[{"taxonomy":"product_brand","embeddable":true,"href":"https:\/\/staging.nbg.eu\/de\/wp-json\/wp\/v2\/product_brand?post=545069"},{"taxonomy":"product_cat","embeddable":true,"href":"https:\/\/staging.nbg.eu\/de\/wp-json\/wp\/v2\/product_cat?post=545069"},{"taxonomy":"product_tag","embeddable":true,"href":"https:\/\/staging.nbg.eu\/de\/wp-json\/wp\/v2\/product_tag?post=545069"}],"curies":[{"name":"wp","href":"https:\/\/api.w.org\/{rel}","templated":true}]}}