{"id":544890,"date":"2025-09-05T18:09:58","date_gmt":"2025-09-05T15:09:58","guid":{"rendered":"https:\/\/staging.nbg.eu\/product\/magpul-rubber-butt-pad-0-70\/"},"modified":"2025-10-01T10:15:45","modified_gmt":"2025-10-01T07:15:45","slug":"magpul-gummi-schaftkappe-070","status":"publish","type":"product","link":"https:\/\/staging.nbg.eu\/de\/produkt\/magpul-gummi-schaftkappe-070\/","title":{"rendered":"Magpul &#8211; Gummi Schaftkappe &#8211; 0.70&#8243;"},"content":{"rendered":"<div class=\"product-description\">\n<h2>Magpul Gummi-Schaftkappe &#8211; 0,70&#8243;<\/h2>\n<p>Gummi-Schaftkappe von Magpul, 0,70&#8243; dick. Kompatibel mit verschiedenen Magpul-Sch\u00e4ften, einschlie\u00dflich CTR\u00ae, MOE\u00ae Carbine Mil-Spec, UBR\u00ae, STR\u00ae, ACS-L\u2122 und ACS Modelle.<\/p>\n<ul>\n<li>Verbesserte Schulterst\u00fctze und R\u00fccksto\u00dfminderung<\/li>\n<li>Dickere, bel\u00fcftete Konstruktion<\/li>\n<li>Montagematerial enthalten<\/li>\n<li>Abmessungen: ca. 13 x 4 x 1,6 cm<\/li>\n<li>Gewicht: ca. 62 g<\/li>\n<li>Hergestellt in den USA<\/li>\n<\/ul>\n<p><strong>Hinweis:<\/strong> Nicht kompatibel mit MOE\u00ae Fixed Carbine Stock. Kann bei Commercial MOE\u00ae\/CTR\u00ae Stocks aufgrund der verl\u00e4ngerten, abgeschr\u00e4gten R\u00fcckseite das vollst\u00e4ndige Zusammenklappen einschr\u00e4nken.<\/p>\n<\/div>\n","protected":false},"excerpt":{"rendered":"<p>Verbesserte 0,70&#8243; Gummi-Schaftkappe f\u00fcr Magpul-Sch\u00e4fte. Verbesserte Unterst\u00fctzung.<\/p>\n","protected":false},"featured_media":498949,"template":"","meta":{"_acf_changed":false},"product_brand":[11556],"product_cat":[12074],"product_tag":[],"class_list":{"0":"post-544890","1":"product","2":"type-product","3":"status-publish","4":"has-post-thumbnail","6":"product_brand-magpul","7":"product_cat-ausruestung","9":"first","10":"instock","11":"taxable","12":"shipping-taxable","13":"purchasable","14":"product-type-simple"},"acf":[],"_links":{"self":[{"href":"https:\/\/staging.nbg.eu\/de\/wp-json\/wp\/v2\/product\/544890","targetHints":{"allow":["GET"]}}],"collection":[{"href":"https:\/\/staging.nbg.eu\/de\/wp-json\/wp\/v2\/product"}],"about":[{"href":"https:\/\/staging.nbg.eu\/de\/wp-json\/wp\/v2\/types\/product"}],"wp:featuredmedia":[{"embeddable":true,"href":"https:\/\/staging.nbg.eu\/de\/wp-json\/wp\/v2\/media\/498949"}],"wp:attachment":[{"href":"https:\/\/staging.nbg.eu\/de\/wp-json\/wp\/v2\/media?parent=544890"}],"wp:term":[{"taxonomy":"product_brand","embeddable":true,"href":"https:\/\/staging.nbg.eu\/de\/wp-json\/wp\/v2\/product_brand?post=544890"},{"taxonomy":"product_cat","embeddable":true,"href":"https:\/\/staging.nbg.eu\/de\/wp-json\/wp\/v2\/product_cat?post=544890"},{"taxonomy":"product_tag","embeddable":true,"href":"https:\/\/staging.nbg.eu\/de\/wp-json\/wp\/v2\/product_tag?post=544890"}],"curies":[{"name":"wp","href":"https:\/\/api.w.org\/{rel}","templated":true}]}}