{"id":54308,"date":"2024-03-02T07:29:43","date_gmt":"2024-09-13T13:01:59","guid":{"rendered":"https:\/\/staging.nbg.eu\/product\/bore-tech-proof-positive-rifle-jag-multiple-calibers\/"},"modified":"2024-09-13T13:03:06","modified_gmt":"2024-09-13T13:03:06","slug":"bore-tech-proof-positive-gewehreinsatz-mehrere-kaliber","status":"publish","type":"product","link":"https:\/\/staging.nbg.eu\/de\/produkt\/bore-tech-proof-positive-gewehreinsatz-mehrere-kaliber\/","title":{"rendered":"Bore Tech Proof-Positive Gewehreinsatz (Mehrere Kaliber)"},"content":{"rendered":"<div class=\"product-description\">\n<h2>Bore Tech Gewehrreinigungsdorn (Mehrere Kaliber)<\/h2>\n<p>Vermeiden Sie falsche Anzeichen von Kupferablagerungen mit Bore Techs Gewehrreinigungsdorn. Hergestellt aus einer messingfreien Legierung, ist dieser Dorn sicher f\u00fcr den Lauf und hat eine hohe Zugfestigkeit. Merkmale:<\/p>\n<ul>\n<li>Zwei S\u00e4tze von je 4 Kontaktringen f\u00fcr verbesserte Reinigung<\/li>\n<li>Pr\u00e4zisionsgefertigt f\u00fcr gleichm\u00e4\u00dfigen Druck<\/li>\n<li>Umgekehrtes Verj\u00fcngungsdesign zum Schutz der Laufm\u00fcndung<\/li>\n<\/ul>\n<p>Erzielen Sie saubere L\u00e4ufe mit weniger Abfall.<\/p>\n<\/div>\n","protected":false},"excerpt":{"rendered":"<p>Innovativer Gewehrb\u00fcrsten-Adapter verhindert falsche Anzeigen von Kupferablagerungen.<\/p>\n","protected":false},"featured_media":7334,"template":"","meta":{"_acf_changed":false},"product_brand":[11154],"product_cat":[12115,12113,12088],"product_tag":[],"class_list":{"0":"post-54308","1":"product","2":"type-product","3":"status-publish","4":"has-post-thumbnail","6":"product_brand-boretech","7":"product_cat-buersten","8":"product_cat-reinigungsdorne","9":"product_cat-waffenreinigung","11":"first","12":"instock","13":"taxable","14":"shipping-taxable","15":"purchasable","16":"product-type-variable","17":"wvs-archive-product-wrapper"},"acf":[],"_links":{"self":[{"href":"https:\/\/staging.nbg.eu\/de\/wp-json\/wp\/v2\/product\/54308","targetHints":{"allow":["GET"]}}],"collection":[{"href":"https:\/\/staging.nbg.eu\/de\/wp-json\/wp\/v2\/product"}],"about":[{"href":"https:\/\/staging.nbg.eu\/de\/wp-json\/wp\/v2\/types\/product"}],"wp:featuredmedia":[{"embeddable":true,"href":"https:\/\/staging.nbg.eu\/de\/wp-json\/wp\/v2\/media\/7334"}],"wp:attachment":[{"href":"https:\/\/staging.nbg.eu\/de\/wp-json\/wp\/v2\/media?parent=54308"}],"wp:term":[{"taxonomy":"product_brand","embeddable":true,"href":"https:\/\/staging.nbg.eu\/de\/wp-json\/wp\/v2\/product_brand?post=54308"},{"taxonomy":"product_cat","embeddable":true,"href":"https:\/\/staging.nbg.eu\/de\/wp-json\/wp\/v2\/product_cat?post=54308"},{"taxonomy":"product_tag","embeddable":true,"href":"https:\/\/staging.nbg.eu\/de\/wp-json\/wp\/v2\/product_tag?post=54308"}],"curies":[{"name":"wp","href":"https:\/\/api.w.org\/{rel}","templated":true}]}}