{"id":540822,"date":"2025-09-05T18:09:45","date_gmt":"2025-09-05T15:09:45","guid":{"rendered":"https:\/\/staging.nbg.eu\/product\/bullet-berger-cal-6-5-creedmoor-elite-hunter-140gr-100pcs\/"},"modified":"2025-09-30T17:22:20","modified_gmt":"2025-09-30T14:22:20","slug":"geschoss-berger-kal-65-creedmoor-elite-hunter-140gr100stk","status":"publish","type":"product","link":"https:\/\/staging.nbg.eu\/de\/produkt\/geschoss-berger-kal-65-creedmoor-elite-hunter-140gr100stk\/","title":{"rendered":"Geschoss Berger Kal. 6.5 Creedmoor Elite Hunter 140gr.\/100Stk."},"content":{"rendered":"<h2>Berger Geschoss Kaliber 6.5 Creedmoor Elite Hunter 140gr.\/100 St\u00fcck<\/h2>\n<p>Berger 6.5 Creedmoor 140 Grain Elite Hunter Gewehrmunition. F\u00fcr die Jagd auf mittelgro\u00dfes Wild entwickelt, bietet dieses Geschoss:<\/p>\n<ul>\n<li><strong>Konsistenz:<\/strong> J4 Pr\u00e4zisions-Geschossmantel mit +\/-.0003&#8243; Rundlaufgenauigkeit (TIR)<\/li>\n<li><strong>Hybrid-Ogive:<\/strong> Kombination aus Tangenten- und Sekanten-Nasenformen f\u00fcr einfache Abstimmung und flachere Flugbahn<\/li>\n<li><strong>Gleichm\u00e4\u00dfiger Kern:<\/strong> Keine Gewichtssortierung notwendig, zuverl\u00e4ssiger Abfall und konstanter Ballistischer Koeffizient<\/li>\n<li><strong>Boat-Tail-Design:<\/strong> Aerodynamischer Vorteil auf gr\u00f6\u00dfere Entfernungen<\/li>\n<li><strong>J4 Jagdmantel:<\/strong> 2-3&#8243; Eindringtiefe vor schneller Expansion, erzeugt hydrostatischen Schock<\/li>\n<\/ul>\n<p>F\u00fcr Wettkampfschie\u00dfen und Jagd geeignet. Bietet \u00e4u\u00dfere Ballistik, Zielwirkung und R\u00fccksto\u00df. G1 BC von 0,606 und M\u00fcndungsgeschwindigkeit von 2750 fps, liefert Genauigkeit auf gro\u00dfe Entfernungen.<\/p>\n<p>Spezifikationen:<\/p>\n<ul>\n<li>Gewicht: 140 Grain<\/li>\n<li>G7 BC: 0,31<\/li>\n<li>Minimaler Drall: 1:8&#8243; oder schneller<\/li>\n<li>Maximale Gesamtl\u00e4nge: 2,825&#8243;<\/li>\n<li>M\u00fcndungsenergie: 2351 ft-lb<\/li>\n<\/ul>\n<p>Berger&#8217;s Elite Hunter f\u00fcr Jagd und Wettkampfschie\u00dfen.<\/p>\n","protected":false},"excerpt":{"rendered":"<p>Elite Hunter 6,5 Creedmoor: Pr\u00e4zise, zuverl\u00e4ssige 140-Grain-Kugel f\u00fcr mittelgro\u00dfes Wild.<\/p>\n","protected":false},"featured_media":498849,"template":"","meta":{"_acf_changed":false},"product_brand":[],"product_cat":[12086,12082,12103],"product_tag":[],"class_list":{"0":"post-540822","1":"product","2":"type-product","3":"status-publish","4":"has-post-thumbnail","6":"product_cat-geschosse","7":"product_cat-munition","8":"product_cat-wiederladen","10":"first","11":"instock","12":"taxable","13":"shipping-taxable","14":"product-type-simple"},"acf":[],"_links":{"self":[{"href":"https:\/\/staging.nbg.eu\/de\/wp-json\/wp\/v2\/product\/540822","targetHints":{"allow":["GET"]}}],"collection":[{"href":"https:\/\/staging.nbg.eu\/de\/wp-json\/wp\/v2\/product"}],"about":[{"href":"https:\/\/staging.nbg.eu\/de\/wp-json\/wp\/v2\/types\/product"}],"wp:featuredmedia":[{"embeddable":true,"href":"https:\/\/staging.nbg.eu\/de\/wp-json\/wp\/v2\/media\/498849"}],"wp:attachment":[{"href":"https:\/\/staging.nbg.eu\/de\/wp-json\/wp\/v2\/media?parent=540822"}],"wp:term":[{"taxonomy":"product_brand","embeddable":true,"href":"https:\/\/staging.nbg.eu\/de\/wp-json\/wp\/v2\/product_brand?post=540822"},{"taxonomy":"product_cat","embeddable":true,"href":"https:\/\/staging.nbg.eu\/de\/wp-json\/wp\/v2\/product_cat?post=540822"},{"taxonomy":"product_tag","embeddable":true,"href":"https:\/\/staging.nbg.eu\/de\/wp-json\/wp\/v2\/product_tag?post=540822"}],"curies":[{"name":"wp","href":"https:\/\/api.w.org\/{rel}","templated":true}]}}