{"id":538934,"date":"2025-09-05T17:38:05","date_gmt":"2025-09-05T14:38:05","guid":{"rendered":"https:\/\/staging.nbg.eu\/product\/ar-15-bolt-catch-roll-pin\/"},"modified":"2025-09-30T13:39:49","modified_gmt":"2025-09-30T10:39:49","slug":"ar-15-verschlussfang-spannstift","status":"publish","type":"product","link":"https:\/\/staging.nbg.eu\/de\/produkt\/ar-15-verschlussfang-spannstift\/","title":{"rendered":"AR-15 VERSCHLUSSFANG SPANNSTIFT"},"content":{"rendered":"<div class=\"product-description\">\n<h2>AR-15 Bolzenfang-Rollstift<\/h2>\n<p>Dieser Bolzenfang-Rollstift ist ein wesentlicher Bestandteil f\u00fcr AR-15 Waffen. Er wird in den USA hergestellt und sorgt f\u00fcr zuverl\u00e4ssige Funktion.<\/p>\n<ul>\n<li><strong>Brownells Nr.:<\/strong> 100044599<\/li>\n<li><strong>Hersteller Nr.:<\/strong> 55CA547<\/li>\n<li><strong>UPC:<\/strong> 810046231234<\/li>\n<li><strong>Passend f\u00fcr Modell:<\/strong> AR-15 Universal<\/li>\n<\/ul>\n<p>Dieser Rollstift ist f\u00fcr universelle Passform bei AR-15 Plattformen konzipiert. Er wurde pr\u00e4zise gefertigt, um Qualit\u00e4tsstandards zu erf\u00fcllen, und bietet eine sichere Verbindung f\u00fcr die Bolzenfang-Baugruppe.<\/p>\n","protected":false},"excerpt":{"rendered":"<p>In den USA hergestellter AR-15 Verschlussfanghebelstift. Unerl\u00e4sslich f\u00fcr die Installation des Verschlussfanghebels.<\/p>\n","protected":false},"featured_media":497318,"template":"","meta":{"_acf_changed":false},"product_brand":[],"product_cat":[12107,12056],"product_tag":[],"class_list":{"0":"post-538934","1":"product","2":"type-product","3":"status-publish","4":"has-post-thumbnail","6":"product_cat-gewehr","7":"product_cat-gewehr-tuning","9":"first","10":"instock","11":"taxable","12":"shipping-taxable","13":"purchasable","14":"product-type-simple"},"acf":[],"_links":{"self":[{"href":"https:\/\/staging.nbg.eu\/de\/wp-json\/wp\/v2\/product\/538934","targetHints":{"allow":["GET"]}}],"collection":[{"href":"https:\/\/staging.nbg.eu\/de\/wp-json\/wp\/v2\/product"}],"about":[{"href":"https:\/\/staging.nbg.eu\/de\/wp-json\/wp\/v2\/types\/product"}],"wp:featuredmedia":[{"embeddable":true,"href":"https:\/\/staging.nbg.eu\/de\/wp-json\/wp\/v2\/media\/497318"}],"wp:attachment":[{"href":"https:\/\/staging.nbg.eu\/de\/wp-json\/wp\/v2\/media?parent=538934"}],"wp:term":[{"taxonomy":"product_brand","embeddable":true,"href":"https:\/\/staging.nbg.eu\/de\/wp-json\/wp\/v2\/product_brand?post=538934"},{"taxonomy":"product_cat","embeddable":true,"href":"https:\/\/staging.nbg.eu\/de\/wp-json\/wp\/v2\/product_cat?post=538934"},{"taxonomy":"product_tag","embeddable":true,"href":"https:\/\/staging.nbg.eu\/de\/wp-json\/wp\/v2\/product_tag?post=538934"}],"curies":[{"name":"wp","href":"https:\/\/api.w.org\/{rel}","templated":true}]}}