{"id":537979,"date":"2025-09-05T17:25:46","date_gmt":"2025-09-05T14:25:46","guid":{"rendered":"https:\/\/staging.nbg.eu\/product\/recoil-spring-kmr-45-extra-extrasoft-8\/"},"modified":"2025-09-30T12:20:14","modified_gmt":"2025-09-30T09:20:14","slug":"rueckstossfeder-kmr-45-extra-extraweich-8","status":"publish","type":"product","link":"https:\/\/staging.nbg.eu\/de\/produkt\/rueckstossfeder-kmr-45-extra-extraweich-8\/","title":{"rendered":"RUECKSTOSSFEDER KMR 4,5&#8243; EXTRA EXTRAWEICH (8)"},"content":{"rendered":"<h2>R\u00dcCKHOLFEDER KMR 4,5&#8243; EXTRA EXTRAWEICH (8)<\/h2>\n<p>Die KMR Precision Arms R\u00dcCKHOLFEDER KMR 4,5&#8243; EXTRA EXTRAWEICH (8) ist f\u00fcr Schusswaffen mit 4,5 Zoll Laufl\u00e4nge konzipiert.<\/p>\n<h2>Produktmerkmale:<\/h2>\n<ul>\n<li>Marke: KMR Precision Arms<\/li>\n<li>Artikelnummer: 0730-05801-0000<\/li>\n<li>L\u00e4nge: 4,5 Zoll<\/li>\n<li>Typ: Extra Extraweich<\/li>\n<li>Menge: 8 Federn pro Packung<\/li>\n<\/ul>\n<p>Diese extra extraweiche R\u00fcckholfeder ist darauf ausgelegt, den sp\u00fcrbaren R\u00fccksto\u00df zu reduzieren. Sie eignet sich f\u00fcr Wettkampfsch\u00fctzen und Enthusiasten, die die Leistung ihrer Schusswaffe optimieren m\u00f6chten. Die KMR 4,5&#8243; EXTRA EXTRAWEICH Feder sorgt f\u00fcr einen reibungslosen Zyklus und zuverl\u00e4ssigen Betrieb.<\/p>\n","protected":false},"excerpt":{"rendered":"<p>Besonders weiche R\u00fccksto\u00dffeder f\u00fcr KMR 4,5&#8243; Pr\u00e4zisionswaffen. Geschmeidige Funktion.<\/p>\n","protected":false},"featured_media":496956,"template":"","meta":{"_acf_changed":false},"product_brand":[11493],"product_cat":[12059],"product_tag":[],"class_list":{"0":"post-537979","1":"product","2":"type-product","3":"status-publish","4":"has-post-thumbnail","6":"product_brand-kmr-precision","7":"product_cat-kmr-teile","9":"first","10":"instock","11":"taxable","12":"shipping-taxable","13":"purchasable","14":"product-type-simple"},"acf":[],"_links":{"self":[{"href":"https:\/\/staging.nbg.eu\/de\/wp-json\/wp\/v2\/product\/537979","targetHints":{"allow":["GET"]}}],"collection":[{"href":"https:\/\/staging.nbg.eu\/de\/wp-json\/wp\/v2\/product"}],"about":[{"href":"https:\/\/staging.nbg.eu\/de\/wp-json\/wp\/v2\/types\/product"}],"wp:featuredmedia":[{"embeddable":true,"href":"https:\/\/staging.nbg.eu\/de\/wp-json\/wp\/v2\/media\/496956"}],"wp:attachment":[{"href":"https:\/\/staging.nbg.eu\/de\/wp-json\/wp\/v2\/media?parent=537979"}],"wp:term":[{"taxonomy":"product_brand","embeddable":true,"href":"https:\/\/staging.nbg.eu\/de\/wp-json\/wp\/v2\/product_brand?post=537979"},{"taxonomy":"product_cat","embeddable":true,"href":"https:\/\/staging.nbg.eu\/de\/wp-json\/wp\/v2\/product_cat?post=537979"},{"taxonomy":"product_tag","embeddable":true,"href":"https:\/\/staging.nbg.eu\/de\/wp-json\/wp\/v2\/product_tag?post=537979"}],"curies":[{"name":"wp","href":"https:\/\/api.w.org\/{rel}","templated":true}]}}