{"id":535829,"date":"2025-09-05T00:02:56","date_gmt":"2025-09-04T21:02:56","guid":{"rendered":"https:\/\/staging.nbg.eu\/product\/ismi-11-lb-spring-glock-17-gl11\/"},"modified":"2025-09-29T16:30:08","modified_gmt":"2025-09-29T13:30:08","slug":"ismi-11-lb-feder-glock-17-gl11","status":"publish","type":"product","link":"https:\/\/staging.nbg.eu\/de\/produkt\/ismi-11-lb-feder-glock-17-gl11\/","title":{"rendered":"ISMI 11 lb. Feder Glock 17 (GL11)"},"content":{"rendered":"<h2>ISMI 11 lb. Feder f\u00fcr Glock 17 (GL11)<\/h2>\n<p>Diese Feder (GL11) f\u00fcr die Glock 17 ist f\u00fcr folgende Zwecke konzipiert:<\/p>\n<ul>\n<li>Erh\u00f6hung der Schlittengeschwindigkeit<\/li>\n<li>Verringerung des R\u00fccksto\u00dfes<\/li>\n<li>Verbesserung der Zuverl\u00e4ssigkeit mit verschiedenen Munitionsarten<\/li>\n<li>Konsistente Leistung unter allen Wetterbedingungen<\/li>\n<\/ul>\n<p>Hergestellt aus Chrom-Silizium-Draht. Die 11 lb. Bewertung ist f\u00fcr Wettkampfsch\u00fctzen geeignet. Kompatibel mit Glock 17 Modellen und \u00e4hnlichen Rahmengr\u00f6\u00dfen. Einfache Installation.<\/p>\n<p><strong>Spezifikationen:<\/strong><\/p>\n<ul>\n<li>Gewicht: 11 lbs<\/li>\n<li>Material: Chrom-Silizium<\/li>\n<li>Passend f\u00fcr: Glock 17 und \u00e4hnliche Modelle<\/li>\n<li>Hergestellt in den USA<\/li>\n<\/ul>\n","protected":false},"excerpt":{"rendered":"<p>Verst\u00e4rkte 5 kg Feder f\u00fcr Glock 17. Verbessert Abzugswiderstand und R\u00fcckstellung.<\/p>\n","protected":false},"featured_media":0,"template":"","meta":{"_acf_changed":false},"product_brand":[],"product_cat":[12064,12108],"product_tag":[],"class_list":{"0":"post-535829","1":"product","2":"type-product","3":"status-publish","5":"product_cat-pistole","6":"product_cat-pistolenteile","8":"first","9":"outofstock","10":"taxable","11":"shipping-taxable","12":"purchasable","13":"product-type-simple"},"acf":[],"_links":{"self":[{"href":"https:\/\/staging.nbg.eu\/de\/wp-json\/wp\/v2\/product\/535829","targetHints":{"allow":["GET"]}}],"collection":[{"href":"https:\/\/staging.nbg.eu\/de\/wp-json\/wp\/v2\/product"}],"about":[{"href":"https:\/\/staging.nbg.eu\/de\/wp-json\/wp\/v2\/types\/product"}],"wp:attachment":[{"href":"https:\/\/staging.nbg.eu\/de\/wp-json\/wp\/v2\/media?parent=535829"}],"wp:term":[{"taxonomy":"product_brand","embeddable":true,"href":"https:\/\/staging.nbg.eu\/de\/wp-json\/wp\/v2\/product_brand?post=535829"},{"taxonomy":"product_cat","embeddable":true,"href":"https:\/\/staging.nbg.eu\/de\/wp-json\/wp\/v2\/product_cat?post=535829"},{"taxonomy":"product_tag","embeddable":true,"href":"https:\/\/staging.nbg.eu\/de\/wp-json\/wp\/v2\/product_tag?post=535829"}],"curies":[{"name":"wp","href":"https:\/\/api.w.org\/{rel}","templated":true}]}}