{"id":535071,"date":"2025-09-04T20:17:18","date_gmt":"2025-09-04T17:17:18","guid":{"rendered":"https:\/\/staging.nbg.eu\/product\/sprinco-usa-308-m4-extension-tube-cs-xp-buffer-spring-in-hard-tube-25762-orange\/"},"modified":"2025-09-29T15:16:22","modified_gmt":"2025-09-29T12:16:22","slug":"sprinco-usa-308-m4-extension-tube-cs-xp-pufferfeder-in-hartem-rohr-25762-orange","status":"publish","type":"product","link":"https:\/\/staging.nbg.eu\/de\/produkt\/sprinco-usa-308-m4-extension-tube-cs-xp-pufferfeder-in-hartem-rohr-25762-orange\/","title":{"rendered":"SPRINCO USA 308 M4 EXTENSION TUBE CS XP PUFFERFEDER IN HARTEM ROHR (25762) Orange"},"content":{"rendered":"<div class=\"product-description\">\n<h2>SPRINCO USA 308 M4 Verl\u00e4ngerungsrohr CS XP Pufferfeder in Hartrohr (25762) Orange<\/h2>\n<p>Diese Pufferfeder f\u00fcr gro\u00dfrahmige Karabiner ist f\u00fcr mehrere Konfigurationen geeignet:<\/p>\n<ul>\n<li>DPMS Muster .308 \/ 6.5 CM mit Standard 7&#8243; M4 Pufferrohr und 2,5&#8243; Kurzpuffer<\/li>\n<li>SR-25 \/ Armalite Muster Karabiner mittlerer Tiefe mit 3,25&#8243; Puffern<\/li>\n<li>Standard 7&#8243; M4 Rohre in \u00fcberladenen Karabinern (5.56, 6.8 SPC, 6.5 Grendel, usw.)<\/li>\n<\/ul>\n<p>Die Pufferfeder wird in einem Hartrohr zum Schutz w\u00e4hrend des Versands und der Lagerung geliefert.<\/p>\n<\/div>\n","protected":false},"excerpt":{"rendered":"<p>Vielseitige Pufferfeder f\u00fcr .308\/6,5 CM Karabiner und \u00fcberladene Gewehre.<\/p>\n","protected":false},"featured_media":495545,"template":"","meta":{"_acf_changed":false},"product_brand":[],"product_cat":[12118,12107,12056],"product_tag":[],"class_list":{"0":"post-535071","1":"product","2":"type-product","3":"status-publish","4":"has-post-thumbnail","6":"product_cat-federn","7":"product_cat-gewehr","8":"product_cat-gewehr-tuning","10":"first","11":"instock","12":"taxable","13":"shipping-taxable","14":"purchasable","15":"product-type-simple"},"acf":[],"_links":{"self":[{"href":"https:\/\/staging.nbg.eu\/de\/wp-json\/wp\/v2\/product\/535071","targetHints":{"allow":["GET"]}}],"collection":[{"href":"https:\/\/staging.nbg.eu\/de\/wp-json\/wp\/v2\/product"}],"about":[{"href":"https:\/\/staging.nbg.eu\/de\/wp-json\/wp\/v2\/types\/product"}],"wp:featuredmedia":[{"embeddable":true,"href":"https:\/\/staging.nbg.eu\/de\/wp-json\/wp\/v2\/media\/495545"}],"wp:attachment":[{"href":"https:\/\/staging.nbg.eu\/de\/wp-json\/wp\/v2\/media?parent=535071"}],"wp:term":[{"taxonomy":"product_brand","embeddable":true,"href":"https:\/\/staging.nbg.eu\/de\/wp-json\/wp\/v2\/product_brand?post=535071"},{"taxonomy":"product_cat","embeddable":true,"href":"https:\/\/staging.nbg.eu\/de\/wp-json\/wp\/v2\/product_cat?post=535071"},{"taxonomy":"product_tag","embeddable":true,"href":"https:\/\/staging.nbg.eu\/de\/wp-json\/wp\/v2\/product_tag?post=535071"}],"curies":[{"name":"wp","href":"https:\/\/api.w.org\/{rel}","templated":true}]}}