{"id":534852,"date":"2025-09-04T20:17:18","date_gmt":"2025-09-04T17:17:18","guid":{"rendered":"https:\/\/staging.nbg.eu\/product\/sprinco-usa-enhanced-4-coil-bolt-carrier-extractor-cs-spring-3-pak-25435-red\/"},"modified":"2025-09-29T14:49:50","modified_gmt":"2025-09-29T11:49:50","slug":"sprinco-usa-enhanced-4-coil-bolt-carrier-extractor-cs-feder-3er-pack-25435-rot","status":"publish","type":"product","link":"https:\/\/staging.nbg.eu\/de\/produkt\/sprinco-usa-enhanced-4-coil-bolt-carrier-extractor-cs-feder-3er-pack-25435-rot\/","title":{"rendered":"SPRINCO USA ENHANCED 4-COIL BOLT CARRIER EXTRACTOR CS FEDER 3ER-PACK (25435) Rot"},"content":{"rendered":"<div class=\"product-description\">\n<h2>SPRINCO USA 4-Windungen-Bolzentr\u00e4ger-Auszieher CS-Feder 3er-Pack (25435) Rot<\/h2>\n<p>Sprinco 4-Windungen-Bolzentr\u00e4ger-Auszieher CS-Feder 3er-Pack aus den USA. Hergestellt aus w\u00e4rmebehandeltem, spannungsarmgegl\u00fchtem Chrom-Silizium-Draht. Die Federn werden kryogenisch behandelt und mit einer Molybd\u00e4ndisulfid-Beschichtung versehen.<\/p>\n<ul>\n<li>H\u00e4lt die erweiterte Nutzungsdauer einer neuen Mil-Spec-Feder aufrecht<\/li>\n<li>Geeignet f\u00fcr Laufl\u00e4ngen ab 18 Zoll und H\u00fclsenr\u00fcckgewinnung<\/li>\n<li>Hitzebest\u00e4ndig bis 400\u00b0C<\/li>\n<li>F\u00fcr intensive Nutzungszyklen mit konstanter Leistung<\/li>\n<li>Langlebige L\u00f6sung zum einfachen Einbau<\/li>\n<\/ul>\n<p>Auszugfedern f\u00fcr den Bolzentr\u00e4ger zur Verbesserung der Funktion und Lebensdauer der Waffe.<\/p>\n<\/div>\n","protected":false},"excerpt":{"rendered":"<p>Langlebige 4-Spulen-Extraktionsfedern f\u00fcr verl\u00e4ngerte Arbeitszyklen. In den USA hergestellt.<\/p>\n","protected":false},"featured_media":495496,"template":"","meta":{"_acf_changed":false},"product_brand":[],"product_cat":[12123],"product_tag":[],"class_list":{"0":"post-534852","1":"product","2":"type-product","3":"status-publish","4":"has-post-thumbnail","6":"product_cat-unkategorisiert","8":"first","9":"instock","10":"taxable","11":"shipping-taxable","12":"purchasable","13":"product-type-simple"},"acf":[],"_links":{"self":[{"href":"https:\/\/staging.nbg.eu\/de\/wp-json\/wp\/v2\/product\/534852","targetHints":{"allow":["GET"]}}],"collection":[{"href":"https:\/\/staging.nbg.eu\/de\/wp-json\/wp\/v2\/product"}],"about":[{"href":"https:\/\/staging.nbg.eu\/de\/wp-json\/wp\/v2\/types\/product"}],"wp:featuredmedia":[{"embeddable":true,"href":"https:\/\/staging.nbg.eu\/de\/wp-json\/wp\/v2\/media\/495496"}],"wp:attachment":[{"href":"https:\/\/staging.nbg.eu\/de\/wp-json\/wp\/v2\/media?parent=534852"}],"wp:term":[{"taxonomy":"product_brand","embeddable":true,"href":"https:\/\/staging.nbg.eu\/de\/wp-json\/wp\/v2\/product_brand?post=534852"},{"taxonomy":"product_cat","embeddable":true,"href":"https:\/\/staging.nbg.eu\/de\/wp-json\/wp\/v2\/product_cat?post=534852"},{"taxonomy":"product_tag","embeddable":true,"href":"https:\/\/staging.nbg.eu\/de\/wp-json\/wp\/v2\/product_tag?post=534852"}],"curies":[{"name":"wp","href":"https:\/\/api.w.org\/{rel}","templated":true}]}}