{"id":534735,"date":"2025-09-04T20:17:18","date_gmt":"2025-09-04T17:17:18","guid":{"rendered":"https:\/\/staging.nbg.eu\/product\/law-tactical-llc-ar-15-m16-gen3-m-folding-stock-adapter-fde-99313\/"},"modified":"2025-09-29T13:46:10","modified_gmt":"2025-09-29T10:46:10","slug":"law-tactical-llc-ar-15m16-gen3-m-klappbarer-schaft-adapter-fde-99313","status":"publish","type":"product","link":"https:\/\/staging.nbg.eu\/de\/produkt\/law-tactical-llc-ar-15m16-gen3-m-klappbarer-schaft-adapter-fde-99313\/","title":{"rendered":"LAW TACTICAL LLC AR-15\/M16 Gen3-M Klappbarer Schaft-Adapter FDE (99313)"},"content":{"rendered":"<div class=\"product-description\">\n<h2>LAW TACTICAL LLC AR-15\/M16 Gen3-M Klappschaft-Adapter FDE (99313)<\/h2>\n<p>Der in den USA hergestellte LAW TACTICAL Gen3-M Klappschaft-Adapter f\u00fcr AR-15. Dieser Stahladapter erm\u00f6glicht die Installation eines Klappschafts, was das Gewehr kompakter f\u00fcr den Transport macht.<\/p>\n<ul>\n<li>Kompatibel mit Standard-Gasdrucksystemen und Gaskolbensystemen<\/li>\n<li>Akzeptiert A2, Mil-Spec M4-Stil und kommerzielle Carbine-Pufferrohrtypen<\/li>\n<li>Funktioniert mit Standard-Verschlusstr\u00e4gergruppen, einschlie\u00dflich Vollautomatik und .308-Gr\u00f6\u00dfe<\/li>\n<li>Einknopf-Bedienung zum Klappen und Entfalten<\/li>\n<li>Einstellbare Scharnierspannung<\/li>\n<li>DLC-Beschichtung<\/li>\n<li>F\u00fcgt 1,3&#8243; zur Zugl\u00e4ng hinzu<\/li>\n<li>Gewicht: 8,5 oz<\/li>\n<\/ul>\n<p><strong>Hinweis:<\/strong> Nicht mit geklapptem Schaft schie\u00dfen. Nur kompatibel mit Centerfire und Mil-Spec Tr\u00e4gern oder kompatiblen AR 9mm Verschl\u00fcssen.<\/p>\n<\/div>\n","protected":false},"excerpt":{"rendered":"<p>Kompakter AR-15 Klappschaft-Adapter f\u00fcr einfachen Transport und Lagerung.<\/p>\n","protected":false},"featured_media":495381,"template":"","meta":{"_acf_changed":false},"product_brand":[],"product_cat":[12107,12056,12067],"product_tag":[],"class_list":{"0":"post-534735","1":"product","2":"type-product","3":"status-publish","4":"has-post-thumbnail","6":"product_cat-gewehr","7":"product_cat-gewehr-tuning","8":"product_cat-gewehrschaefte","10":"first","11":"instock","12":"taxable","13":"shipping-taxable","14":"purchasable","15":"product-type-simple"},"acf":[],"_links":{"self":[{"href":"https:\/\/staging.nbg.eu\/de\/wp-json\/wp\/v2\/product\/534735","targetHints":{"allow":["GET"]}}],"collection":[{"href":"https:\/\/staging.nbg.eu\/de\/wp-json\/wp\/v2\/product"}],"about":[{"href":"https:\/\/staging.nbg.eu\/de\/wp-json\/wp\/v2\/types\/product"}],"wp:featuredmedia":[{"embeddable":true,"href":"https:\/\/staging.nbg.eu\/de\/wp-json\/wp\/v2\/media\/495381"}],"wp:attachment":[{"href":"https:\/\/staging.nbg.eu\/de\/wp-json\/wp\/v2\/media?parent=534735"}],"wp:term":[{"taxonomy":"product_brand","embeddable":true,"href":"https:\/\/staging.nbg.eu\/de\/wp-json\/wp\/v2\/product_brand?post=534735"},{"taxonomy":"product_cat","embeddable":true,"href":"https:\/\/staging.nbg.eu\/de\/wp-json\/wp\/v2\/product_cat?post=534735"},{"taxonomy":"product_tag","embeddable":true,"href":"https:\/\/staging.nbg.eu\/de\/wp-json\/wp\/v2\/product_tag?post=534735"}],"curies":[{"name":"wp","href":"https:\/\/api.w.org\/{rel}","templated":true}]}}