{"id":533745,"date":"2025-09-04T18:48:23","date_gmt":"2025-09-04T15:48:23","guid":{"rendered":"https:\/\/staging.nbg.eu\/product\/utg-h3-carbine-buffer-ar15-m4-rb-t6bfh3\/"},"modified":"2025-09-29T11:03:43","modified_gmt":"2025-09-29T08:03:43","slug":"utg-h3-carbine-puffer-ar15-m4-rb-t6bfh3","status":"publish","type":"product","link":"https:\/\/staging.nbg.eu\/de\/produkt\/utg-h3-carbine-puffer-ar15-m4-rb-t6bfh3\/","title":{"rendered":"UTG &#8211; H3 Carbine Puffer &#8211; AR15 \/ M4 &#8211; RB-T6BFH3"},"content":{"rendered":"<div class=\"product-description\">\n<h2>UTG &#8211; H3 Carbine Puffer &#8211; AR15 \/ M4 &#8211; RB-T6BFH3<\/h2>\n<p>Der Leapers UTG H3 R\u00fccksto\u00dfpuffer f\u00fcr AR15 hat folgende Eigenschaften:<\/p>\n<ul>\n<li>3 schwere Wolframgewichte<\/li>\n<li>Verst\u00e4rkter 6061-T6 Aluminiumk\u00f6rper mit hartanodisierter Oberfl\u00e4che<\/li>\n<li>Fest sitzender Endsto\u00dfd\u00e4mpfer<\/li>\n<li>Erh\u00f6ht die Verweilzeit und erleichtert die Extraktion<\/li>\n<li>Reduziert den sp\u00fcrbaren R\u00fccksto\u00df<\/li>\n<li>Kann die Genauigkeit bei etwas schwereren Kalibern verbessern<\/li>\n<\/ul>\n<p>Mit einem Gewicht von 5,4 oz ist dieser Puffer f\u00fcr AR-Plattformen konzipiert. Er kann die Leistung verbessern und den R\u00fccksto\u00df reduzieren.<\/p>\n","protected":false},"excerpt":{"rendered":"<p>UTG H3 Karabiner-Puffer: Reduziert den R\u00fcckschlag und verbessert den Komfort f\u00fcr AR15\/M4.<\/p>\n","protected":false},"featured_media":494317,"template":"","meta":{"_acf_changed":false},"product_brand":[],"product_cat":[12056],"product_tag":[],"class_list":{"0":"post-533745","1":"product","2":"type-product","3":"status-publish","4":"has-post-thumbnail","6":"product_cat-gewehr-tuning","8":"first","9":"instock","10":"taxable","11":"shipping-taxable","12":"purchasable","13":"product-type-simple"},"acf":[],"_links":{"self":[{"href":"https:\/\/staging.nbg.eu\/de\/wp-json\/wp\/v2\/product\/533745","targetHints":{"allow":["GET"]}}],"collection":[{"href":"https:\/\/staging.nbg.eu\/de\/wp-json\/wp\/v2\/product"}],"about":[{"href":"https:\/\/staging.nbg.eu\/de\/wp-json\/wp\/v2\/types\/product"}],"wp:featuredmedia":[{"embeddable":true,"href":"https:\/\/staging.nbg.eu\/de\/wp-json\/wp\/v2\/media\/494317"}],"wp:attachment":[{"href":"https:\/\/staging.nbg.eu\/de\/wp-json\/wp\/v2\/media?parent=533745"}],"wp:term":[{"taxonomy":"product_brand","embeddable":true,"href":"https:\/\/staging.nbg.eu\/de\/wp-json\/wp\/v2\/product_brand?post=533745"},{"taxonomy":"product_cat","embeddable":true,"href":"https:\/\/staging.nbg.eu\/de\/wp-json\/wp\/v2\/product_cat?post=533745"},{"taxonomy":"product_tag","embeddable":true,"href":"https:\/\/staging.nbg.eu\/de\/wp-json\/wp\/v2\/product_tag?post=533745"}],"curies":[{"name":"wp","href":"https:\/\/api.w.org\/{rel}","templated":true}]}}