{"id":533371,"date":"2025-09-07T23:46:53","date_gmt":"2025-09-07T20:46:53","guid":{"rendered":"https:\/\/staging.nbg.eu\/product\/vanward-thread-insert\/"},"modified":"2025-09-29T10:50:23","modified_gmt":"2025-09-29T07:50:23","slug":"vanward-gewindeeinsatz","status":"publish","type":"product","link":"https:\/\/staging.nbg.eu\/de\/produkt\/vanward-gewindeeinsatz\/","title":{"rendered":"Vanward Gewindeeinsatz"},"content":{"rendered":"<div class=\"product-description\">\n<h2>Vanward Gewindeeinsatz<\/h2>\n<p>Stahleins\u00e4tze f\u00fcr Vanward Hunter und Hunter Pro Schalld\u00e4mpfer. Verf\u00fcgbar in verschiedenen Gr\u00f6\u00dfen und Konfigurationen:<\/p>\n<ul>\n<li>M13<\/li>\n<li>M14<\/li>\n<li>M15<\/li>\n<li>M17<\/li>\n<li>M18<\/li>\n<li>M22<\/li>\n<\/ul>\n<p>Diese Gewindeeins\u00e4tze bieten eine sichere Passform f\u00fcr die Schalld\u00e4mpferbuchse. Hergestellt aus Stahl f\u00fcr Langlebigkeit und Leistung unter verschiedenen Schussbedingungen.<\/p>\n<p>Kompatibel mit Vanward Hunter und Hunter Pro Modellen. Diese Gewindeeins\u00e4tze sind f\u00fcr Waffenbesitzer geeignet. Gewindeeins\u00e4tze von Vanward sind installierbar.<\/p>\n<\/div>\n","protected":false},"excerpt":{"rendered":"<p>Vanward Gewindeeinsatz: Stahleins\u00e4tze f\u00fcr Hunter-Schalld\u00e4mpfer, M13-M22.<\/p>\n","protected":false},"featured_media":501454,"template":"","meta":{"_acf_changed":false},"product_brand":[11931],"product_cat":[12060,12042,12079],"product_tag":[],"class_list":{"0":"post-533371","1":"product","2":"type-product","3":"status-publish","4":"has-post-thumbnail","6":"product_brand-vanward","7":"product_cat-gewehr-schalldaempfer","8":"product_cat-schalldaempfer","9":"product_cat-schalldaempfer-zubehoer","11":"first","12":"instock","13":"taxable","14":"shipping-taxable","15":"purchasable","16":"product-type-variable","17":"wvs-archive-product-wrapper"},"acf":[],"_links":{"self":[{"href":"https:\/\/staging.nbg.eu\/de\/wp-json\/wp\/v2\/product\/533371","targetHints":{"allow":["GET"]}}],"collection":[{"href":"https:\/\/staging.nbg.eu\/de\/wp-json\/wp\/v2\/product"}],"about":[{"href":"https:\/\/staging.nbg.eu\/de\/wp-json\/wp\/v2\/types\/product"}],"wp:featuredmedia":[{"embeddable":true,"href":"https:\/\/staging.nbg.eu\/de\/wp-json\/wp\/v2\/media\/501454"}],"wp:attachment":[{"href":"https:\/\/staging.nbg.eu\/de\/wp-json\/wp\/v2\/media?parent=533371"}],"wp:term":[{"taxonomy":"product_brand","embeddable":true,"href":"https:\/\/staging.nbg.eu\/de\/wp-json\/wp\/v2\/product_brand?post=533371"},{"taxonomy":"product_cat","embeddable":true,"href":"https:\/\/staging.nbg.eu\/de\/wp-json\/wp\/v2\/product_cat?post=533371"},{"taxonomy":"product_tag","embeddable":true,"href":"https:\/\/staging.nbg.eu\/de\/wp-json\/wp\/v2\/product_tag?post=533371"}],"curies":[{"name":"wp","href":"https:\/\/api.w.org\/{rel}","templated":true}]}}