{"id":53294,"date":"2024-03-04T08:51:50","date_gmt":"2024-09-13T12:49:44","guid":{"rendered":"https:\/\/staging.nbg.eu\/product\/bore-tech-proof-positive-bore-stix-multiple-calibers\/"},"modified":"2024-09-13T12:50:47","modified_gmt":"2024-09-13T12:50:47","slug":"bore-tech-proof-positive-bore-stix-mehrere-kaliber","status":"publish","type":"product","link":"https:\/\/staging.nbg.eu\/de\/produkt\/bore-tech-proof-positive-bore-stix-mehrere-kaliber\/","title":{"rendered":"Bore Tech Proof-Positive Bore Stix (Mehrere Kaliber)"},"content":{"rendered":"<p>\n<strong>Bore Tech Proof-Positive Bore Stix (Mehrere Kaliber)<\/strong><br \/>\nBore Tech&#8217;s Proof-Positive Bore Stix\u2122 Reinigungsst\u00e4be. Merkmale:<\/p>\n<ul>\n<li>Kugellagergriffe f\u00fcr leichte Bewegung<\/li>\n<li>Freischwebendes Design f\u00fcr genaue Z\u00fcgeverfolgung<\/li>\n<li>Farbcodierte, rutschfeste Gummigriffe<\/li>\n<li>Austauschbare, laufsichere, nicht-messingene Spitze<\/li>\n<li>Verst\u00e4rkter Stahlkern f\u00fcr h\u00f6here Steifigkeit<\/li>\n<li>Reibungsarme Beschichtung<\/li>\n<li>System zur Identifizierung der Laufdrallrate<\/li>\n<\/ul>\n<p>W\u00e4hlen Sie Bore Tech Proof-Positive Bore Stix.<\/p>\n","protected":false},"excerpt":{"rendered":"<p>Pr\u00e4zisionsreinigungsst\u00e4be mit Kugellagergriffen und austauschbaren Spitzen.<\/p>\n","protected":false},"featured_media":7487,"template":"","meta":{"_acf_changed":false},"product_brand":[11154],"product_cat":[12047,12088],"product_tag":[],"class_list":{"0":"post-53294","1":"product","2":"type-product","3":"status-publish","4":"has-post-thumbnail","6":"product_brand-boretech","7":"product_cat-reinigungsstaebe","8":"product_cat-waffenreinigung","10":"first","11":"instock","12":"taxable","13":"shipping-taxable","14":"purchasable","15":"product-type-variable","16":"wvs-archive-product-wrapper"},"acf":[],"_links":{"self":[{"href":"https:\/\/staging.nbg.eu\/de\/wp-json\/wp\/v2\/product\/53294","targetHints":{"allow":["GET"]}}],"collection":[{"href":"https:\/\/staging.nbg.eu\/de\/wp-json\/wp\/v2\/product"}],"about":[{"href":"https:\/\/staging.nbg.eu\/de\/wp-json\/wp\/v2\/types\/product"}],"wp:featuredmedia":[{"embeddable":true,"href":"https:\/\/staging.nbg.eu\/de\/wp-json\/wp\/v2\/media\/7487"}],"wp:attachment":[{"href":"https:\/\/staging.nbg.eu\/de\/wp-json\/wp\/v2\/media?parent=53294"}],"wp:term":[{"taxonomy":"product_brand","embeddable":true,"href":"https:\/\/staging.nbg.eu\/de\/wp-json\/wp\/v2\/product_brand?post=53294"},{"taxonomy":"product_cat","embeddable":true,"href":"https:\/\/staging.nbg.eu\/de\/wp-json\/wp\/v2\/product_cat?post=53294"},{"taxonomy":"product_tag","embeddable":true,"href":"https:\/\/staging.nbg.eu\/de\/wp-json\/wp\/v2\/product_tag?post=53294"}],"curies":[{"name":"wp","href":"https:\/\/api.w.org\/{rel}","templated":true}]}}