{"id":532738,"date":"2025-09-04T17:51:31","date_gmt":"2025-09-04T14:51:31","guid":{"rendered":"https:\/\/staging.nbg.eu\/product\/strike-industries-mass-driver-comp-for-glock-17-gen4\/"},"modified":"2025-09-29T09:49:42","modified_gmt":"2025-09-29T06:49:42","slug":"strike-industries-mass-driver-comp-fuer-glock-17-gen4","status":"publish","type":"product","link":"https:\/\/staging.nbg.eu\/de\/produkt\/strike-industries-mass-driver-comp-fuer-glock-17-gen4\/","title":{"rendered":"Strike Industries &#8211; Mass Driver Comp f\u00fcr Glock 17 Gen4"},"content":{"rendered":"<h2>Strike Industries &#8211; Kompensator f\u00fcr Glock 17 Gen4<\/h2>\n<p>Der Strike Industries Kompensator f\u00fcr Glock 17 Gen4 d\u00e4mpft den mechanischen R\u00fccksto\u00df, ohne die Zuverl\u00e4ssigkeit des Zyklus zu beeintr\u00e4chtigen.<\/p>\n<h2>Hauptmerkmale:<\/h2>\n<ul>\n<li>Trennt sich nach der Z\u00fcndung von den Betriebskomponenten<\/li>\n<li>Beh\u00e4lt nahezu die Zyklusgeschwindigkeit des Originals bei<\/li>\n<li>Reduziert die bewegte Masse<\/li>\n<li>Erweiterter Durchmesser zur Minimierung von Prallblech-Treffern und Schl\u00fcssellochbildung<\/li>\n<li>2,5 mm Entlastungsschnitt zur Vermeidung von Schlittensch\u00e4den<\/li>\n<li>Kompatibel mit den meisten Aftermarket-Gewindel\u00e4ufen<\/li>\n<li>Passt auf GLOCK\u2122 GEN3, GEN4 und GEN5 G17 Schlitten<\/li>\n<li>Funktioniert mit den meisten offenen Holstern<\/li>\n<\/ul>\n<p><strong>Hinweis:<\/strong> Empfohlenes Drehmoment f\u00fcr die F\u00fchrungsstangenmutter: 25 lbs\/in. Die Verwendung von +P und +P+ Munition kann zu vorzeitigem Verschlei\u00df f\u00fchren.<\/p>\n","protected":false},"excerpt":{"rendered":"<p>Revolution\u00e4res Kompensator-Design f\u00fcr reduzierten R\u00fccksto\u00df und schnelleren Zyklus.<\/p>\n","protected":false},"featured_media":493834,"template":"","meta":{"_acf_changed":false},"product_brand":[],"product_cat":[12064,12108],"product_tag":[],"class_list":{"0":"post-532738","1":"product","2":"type-product","3":"status-publish","4":"has-post-thumbnail","6":"product_cat-pistole","7":"product_cat-pistolenteile","9":"first","10":"instock","11":"taxable","12":"shipping-taxable","13":"purchasable","14":"product-type-simple"},"acf":[],"_links":{"self":[{"href":"https:\/\/staging.nbg.eu\/de\/wp-json\/wp\/v2\/product\/532738","targetHints":{"allow":["GET"]}}],"collection":[{"href":"https:\/\/staging.nbg.eu\/de\/wp-json\/wp\/v2\/product"}],"about":[{"href":"https:\/\/staging.nbg.eu\/de\/wp-json\/wp\/v2\/types\/product"}],"wp:featuredmedia":[{"embeddable":true,"href":"https:\/\/staging.nbg.eu\/de\/wp-json\/wp\/v2\/media\/493834"}],"wp:attachment":[{"href":"https:\/\/staging.nbg.eu\/de\/wp-json\/wp\/v2\/media?parent=532738"}],"wp:term":[{"taxonomy":"product_brand","embeddable":true,"href":"https:\/\/staging.nbg.eu\/de\/wp-json\/wp\/v2\/product_brand?post=532738"},{"taxonomy":"product_cat","embeddable":true,"href":"https:\/\/staging.nbg.eu\/de\/wp-json\/wp\/v2\/product_cat?post=532738"},{"taxonomy":"product_tag","embeddable":true,"href":"https:\/\/staging.nbg.eu\/de\/wp-json\/wp\/v2\/product_tag?post=532738"}],"curies":[{"name":"wp","href":"https:\/\/api.w.org\/{rel}","templated":true}]}}