{"id":532628,"date":"2025-09-04T17:51:31","date_gmt":"2025-09-04T14:51:31","guid":{"rendered":"https:\/\/staging.nbg.eu\/product\/strike-industries-mass-driver-comp-for-glock-17-gen5-black-si-g5-mdcomp-s\/"},"modified":"2025-09-29T09:41:17","modified_gmt":"2025-09-29T06:41:17","slug":"strike-industries-mass-driver-comp-fuer-glock-17-gen5-schwarz-si-g5-mdcomp-s","status":"publish","type":"product","link":"https:\/\/staging.nbg.eu\/de\/produkt\/strike-industries-mass-driver-comp-fuer-glock-17-gen5-schwarz-si-g5-mdcomp-s\/","title":{"rendered":"Strike Industries &#8211; Mass Driver Comp f\u00fcr Glock 17 Gen5 &#8211; Schwarz &#8211; SI-G5-MDCOMP-S"},"content":{"rendered":"<h2>Strike Industries Kompensator f\u00fcr Glock 17 Gen5 &#8211; Schwarz<\/h2>\n<p>Der Strike Industries Kompensator (MDC) f\u00fcr die Glock 17 Gen5. Das Design basiert auf dem Konzept von Massentreibern aus der Raumfahrttechnologie.<\/p>\n<ul>\n<li>Verringert mechanischen R\u00fccksto\u00df ohne Beeintr\u00e4chtigung der Zyklusgeschwindigkeit<\/li>\n<li>Reduziert die oszillierende Masse f\u00fcr verbesserte Leistung<\/li>\n<li>Vergr\u00f6\u00dferte Bohrung zur Vermeidung von Prallblech-Treffern und Schl\u00fcssellochbildung<\/li>\n<li>2,5 mm Entlastungsschnitt zum Schutz der Pistolenschlitten<\/li>\n<li>Kompatibel mit den meisten Aftermarket-Gewindel\u00e4ufen<\/li>\n<li>Passt auf GLOCK\u2122 GEN3, GEN4 und GEN5 G19 &amp; G17 Schlitten<\/li>\n<li>Funktioniert mit den meisten offenen Holstern, die Kompensatoren aufnehmen<\/li>\n<\/ul>\n<p><strong>Hinweis:<\/strong> Empfohlenes Drehmoment f\u00fcr die F\u00fchrungsstangenmutter: 25 lbs\/in. Die Verwendung von +P und +P+ Munition kann zu vorzeitigem Verschlei\u00df f\u00fchren.<\/p>\n","protected":false},"excerpt":{"rendered":"<p>Strike Industries MDC: Revolution\u00e4re R\u00fccksto\u00dfreduzierung f\u00fcr Glock 17 Gen5.<\/p>\n","protected":false},"featured_media":493788,"template":"","meta":{"_acf_changed":false},"product_brand":[],"product_cat":[12064,12108],"product_tag":[],"class_list":{"0":"post-532628","1":"product","2":"type-product","3":"status-publish","4":"has-post-thumbnail","6":"product_cat-pistole","7":"product_cat-pistolenteile","9":"first","10":"instock","11":"taxable","12":"shipping-taxable","13":"purchasable","14":"product-type-simple"},"acf":[],"_links":{"self":[{"href":"https:\/\/staging.nbg.eu\/de\/wp-json\/wp\/v2\/product\/532628","targetHints":{"allow":["GET"]}}],"collection":[{"href":"https:\/\/staging.nbg.eu\/de\/wp-json\/wp\/v2\/product"}],"about":[{"href":"https:\/\/staging.nbg.eu\/de\/wp-json\/wp\/v2\/types\/product"}],"wp:featuredmedia":[{"embeddable":true,"href":"https:\/\/staging.nbg.eu\/de\/wp-json\/wp\/v2\/media\/493788"}],"wp:attachment":[{"href":"https:\/\/staging.nbg.eu\/de\/wp-json\/wp\/v2\/media?parent=532628"}],"wp:term":[{"taxonomy":"product_brand","embeddable":true,"href":"https:\/\/staging.nbg.eu\/de\/wp-json\/wp\/v2\/product_brand?post=532628"},{"taxonomy":"product_cat","embeddable":true,"href":"https:\/\/staging.nbg.eu\/de\/wp-json\/wp\/v2\/product_cat?post=532628"},{"taxonomy":"product_tag","embeddable":true,"href":"https:\/\/staging.nbg.eu\/de\/wp-json\/wp\/v2\/product_tag?post=532628"}],"curies":[{"name":"wp","href":"https:\/\/api.w.org\/{rel}","templated":true}]}}