{"id":531289,"date":"2025-09-04T17:51:30","date_gmt":"2025-09-04T14:51:30","guid":{"rendered":"https:\/\/staging.nbg.eu\/product\/strike-industries-mass-driver-comp-for-glock-19-gen4\/"},"modified":"2025-09-26T17:55:20","modified_gmt":"2025-09-26T14:55:20","slug":"strike-industries-mass-driver-comp-fuer-glock-19-gen4","status":"publish","type":"product","link":"https:\/\/staging.nbg.eu\/de\/produkt\/strike-industries-mass-driver-comp-fuer-glock-19-gen4\/","title":{"rendered":"Strike Industries &#8211; Mass Driver Comp f\u00fcr Glock 19 Gen4"},"content":{"rendered":"<h2>Strike Industries Mass Driver Kompensator f\u00fcr Glock 19 Gen4<\/h2>\n<p>Der Strike Industries Mass Driver Kompensator (MDC) f\u00fcr die Glock 19 Gen4 bietet:<\/p>\n<ul>\n<li>Reduzierter mechanischer R\u00fccksto\u00df durch Gegengewichtssystem<\/li>\n<li>Nahezu standardm\u00e4\u00dfige Zyklusgeschwindigkeiten f\u00fcr zuverl\u00e4ssige Leistung<\/li>\n<li>Erweiterter Lauf zur Vermeidung von Prallblech-Treffern und Schl\u00fcssellochbildung<\/li>\n<li>2,5 mm Entlastungsschnitt zum Schutz der Schlittenvorderseite<\/li>\n<li>Kompatibilit\u00e4t mit den meisten Aftermarket-Gewindel\u00e4ufen<\/li>\n<li>Passt auf Gen3, Gen4 und Gen5 G19 und G17 Schlitten<\/li>\n<li>Funktioniert mit offenen Holstern, die Kompensatoren aufnehmen k\u00f6nnen<\/li>\n<\/ul>\n<p>Hinweis: 25 lbs\/in Drehmoment f\u00fcr die F\u00fchrungsstangenmutter empfohlen. Die Verwendung von +P und +P+ Munition kann zu vorzeitigem Verschlei\u00df f\u00fchren.<\/p>\n","protected":false},"excerpt":{"rendered":"<p>Revolution\u00e4rer Kompensator f\u00fcr Glock 19 Gen4. Reduziert R\u00fccksto\u00df und Hochschlagen der M\u00fcndung.<\/p>\n","protected":false},"featured_media":493672,"template":"","meta":{"_acf_changed":false},"product_brand":[],"product_cat":[12123],"product_tag":[],"class_list":{"0":"post-531289","1":"product","2":"type-product","3":"status-publish","4":"has-post-thumbnail","6":"product_cat-unkategorisiert","8":"first","9":"instock","10":"taxable","11":"shipping-taxable","12":"purchasable","13":"product-type-simple"},"acf":[],"_links":{"self":[{"href":"https:\/\/staging.nbg.eu\/de\/wp-json\/wp\/v2\/product\/531289","targetHints":{"allow":["GET"]}}],"collection":[{"href":"https:\/\/staging.nbg.eu\/de\/wp-json\/wp\/v2\/product"}],"about":[{"href":"https:\/\/staging.nbg.eu\/de\/wp-json\/wp\/v2\/types\/product"}],"wp:featuredmedia":[{"embeddable":true,"href":"https:\/\/staging.nbg.eu\/de\/wp-json\/wp\/v2\/media\/493672"}],"wp:attachment":[{"href":"https:\/\/staging.nbg.eu\/de\/wp-json\/wp\/v2\/media?parent=531289"}],"wp:term":[{"taxonomy":"product_brand","embeddable":true,"href":"https:\/\/staging.nbg.eu\/de\/wp-json\/wp\/v2\/product_brand?post=531289"},{"taxonomy":"product_cat","embeddable":true,"href":"https:\/\/staging.nbg.eu\/de\/wp-json\/wp\/v2\/product_cat?post=531289"},{"taxonomy":"product_tag","embeddable":true,"href":"https:\/\/staging.nbg.eu\/de\/wp-json\/wp\/v2\/product_tag?post=531289"}],"curies":[{"name":"wp","href":"https:\/\/api.w.org\/{rel}","templated":true}]}}