{"id":530947,"date":"2025-09-04T17:49:03","date_gmt":"2025-09-04T14:49:03","guid":{"rendered":"https:\/\/staging.nbg.eu\/product\/magpul-moe-sl-ak-grip-for-ak47-ak74-fde-mag682-fde\/"},"modified":"2025-09-26T16:16:01","modified_gmt":"2025-09-26T13:16:01","slug":"magpul-moe-sl-ak-griff-fuer-ak47ak74-fde-mag682-fde","status":"publish","type":"product","link":"https:\/\/staging.nbg.eu\/de\/produkt\/magpul-moe-sl-ak-griff-fuer-ak47ak74-fde-mag682-fde\/","title":{"rendered":"Magpul &#8211; MOE SL AK Griff f\u00fcr AK47\/AK74 &#8211; FDE &#8211; MAG682-FDE"},"content":{"rendered":"<div class=\"product-description\">\n<h2>Magpul MOE SL AK Griff f\u00fcr AK47\/AK74 &#8211; FDE (MAG682-FDE)<\/h2>\n<p>Griff f\u00fcr AK47\/AK74 in Flat Dark Earth. Dieser schlanke Griff bietet einen vertikaleren Winkel, optimiert f\u00fcr Waffen mit k\u00fcrzerem Schaftabstand.<\/p>\n<ul>\n<li>Aus Polymer mit strukturierter Oberfl\u00e4che<\/li>\n<li>Passt f\u00fcr gefr\u00e4ste und gestanzte Geh\u00e4use, einschlie\u00dflich solcher mit Griffverst\u00e4rkungsplatten<\/li>\n<li>TSP (Trapezoidal Surface Projections) Textur f\u00fcr bessere Waffenkontrolle<\/li>\n<li>20-Grad-Griffwinkel f\u00fcr Ergonomie<\/li>\n<li>Schlanker als Vollgriffe<\/li>\n<li>Abmessungen: 10,9 cm H x 2,8 cm T, Gewicht 73,7 g<\/li>\n<li>Hergestellt in USA &#8211; z\u00e4hlt als US-Compliance-Teil f\u00fcr 922r<\/li>\n<\/ul>\n<p>Der Magpul MOE SL AK Griff ist f\u00fcr verschiedene Umgebungen konzipiert.<\/p>\n<\/div>\n","protected":false},"excerpt":{"rendered":"<p>Magpul MOE SL AK Griff: Schlankes, strukturiertes Upgrade f\u00fcr AK47\/74 \u2013 FDE<\/p>\n","protected":false},"featured_media":493579,"template":"","meta":{"_acf_changed":false},"product_brand":[],"product_cat":[12123],"product_tag":[],"class_list":{"0":"post-530947","1":"product","2":"type-product","3":"status-publish","4":"has-post-thumbnail","6":"product_cat-unkategorisiert","8":"first","9":"instock","10":"taxable","11":"shipping-taxable","12":"purchasable","13":"product-type-simple"},"acf":[],"_links":{"self":[{"href":"https:\/\/staging.nbg.eu\/de\/wp-json\/wp\/v2\/product\/530947","targetHints":{"allow":["GET"]}}],"collection":[{"href":"https:\/\/staging.nbg.eu\/de\/wp-json\/wp\/v2\/product"}],"about":[{"href":"https:\/\/staging.nbg.eu\/de\/wp-json\/wp\/v2\/types\/product"}],"wp:featuredmedia":[{"embeddable":true,"href":"https:\/\/staging.nbg.eu\/de\/wp-json\/wp\/v2\/media\/493579"}],"wp:attachment":[{"href":"https:\/\/staging.nbg.eu\/de\/wp-json\/wp\/v2\/media?parent=530947"}],"wp:term":[{"taxonomy":"product_brand","embeddable":true,"href":"https:\/\/staging.nbg.eu\/de\/wp-json\/wp\/v2\/product_brand?post=530947"},{"taxonomy":"product_cat","embeddable":true,"href":"https:\/\/staging.nbg.eu\/de\/wp-json\/wp\/v2\/product_cat?post=530947"},{"taxonomy":"product_tag","embeddable":true,"href":"https:\/\/staging.nbg.eu\/de\/wp-json\/wp\/v2\/product_tag?post=530947"}],"curies":[{"name":"wp","href":"https:\/\/api.w.org\/{rel}","templated":true}]}}