{"id":53025,"date":"2024-03-08T06:59:20","date_gmt":"2024-09-13T12:46:26","guid":{"rendered":"https:\/\/staging.nbg.eu\/product\/bore-tech-shotgun-blend\/"},"modified":"2024-09-13T12:47:19","modified_gmt":"2024-09-13T12:47:19","slug":"bore-tech-shotgun-blend","status":"publish","type":"product","link":"https:\/\/staging.nbg.eu\/de\/produkt\/bore-tech-shotgun-blend\/","title":{"rendered":"Bore Tech Shotgun Blend"},"content":{"rendered":"<p>\nBore Tech&#8217;s Shotgun Blend ist ein ammoniakfreier Laufreiniger f\u00fcr Schrotflinten. Diese biologisch abbaubare Formel entfernt Blei, Pulverr\u00fcckst\u00e4nde und Kunststoffpfropfen aus L\u00e4ufen, \u00dcbergangskonen und Chokes. Es ist sicher, geruchlos und benutzerfreundlich. Die Reinigungswirkung ist auf den Reinigungspatches sichtbar.<\/p>\n","protected":false},"excerpt":{"rendered":"<p>Leistungsstarker Laufreiniger entfernt sicher Blei-, Kohlenstoff- und Kunststoffablagerungen.<\/p>\n","protected":false},"featured_media":7576,"template":"","meta":{"_acf_changed":false},"product_brand":[11154],"product_cat":[12102,12088],"product_tag":[],"class_list":{"0":"post-53025","1":"product","2":"type-product","3":"status-publish","4":"has-post-thumbnail","6":"product_brand-boretech","7":"product_cat-reiniger","8":"product_cat-waffenreinigung","10":"first","11":"instock","12":"taxable","13":"shipping-taxable","14":"purchasable","15":"product-type-variable","16":"wvs-archive-product-wrapper"},"acf":[],"_links":{"self":[{"href":"https:\/\/staging.nbg.eu\/de\/wp-json\/wp\/v2\/product\/53025","targetHints":{"allow":["GET"]}}],"collection":[{"href":"https:\/\/staging.nbg.eu\/de\/wp-json\/wp\/v2\/product"}],"about":[{"href":"https:\/\/staging.nbg.eu\/de\/wp-json\/wp\/v2\/types\/product"}],"wp:featuredmedia":[{"embeddable":true,"href":"https:\/\/staging.nbg.eu\/de\/wp-json\/wp\/v2\/media\/7576"}],"wp:attachment":[{"href":"https:\/\/staging.nbg.eu\/de\/wp-json\/wp\/v2\/media?parent=53025"}],"wp:term":[{"taxonomy":"product_brand","embeddable":true,"href":"https:\/\/staging.nbg.eu\/de\/wp-json\/wp\/v2\/product_brand?post=53025"},{"taxonomy":"product_cat","embeddable":true,"href":"https:\/\/staging.nbg.eu\/de\/wp-json\/wp\/v2\/product_cat?post=53025"},{"taxonomy":"product_tag","embeddable":true,"href":"https:\/\/staging.nbg.eu\/de\/wp-json\/wp\/v2\/product_tag?post=53025"}],"curies":[{"name":"wp","href":"https:\/\/api.w.org\/{rel}","templated":true}]}}