{"id":529952,"date":"2025-09-02T20:30:44","date_gmt":"2025-09-02T17:30:44","guid":{"rendered":"https:\/\/staging.nbg.eu\/product\/predna-drzhka-magpul-zhukov-za-ak-47-ak-74-lilava-mag586-plm\/"},"modified":"2025-09-26T15:04:59","modified_gmt":"2025-09-26T12:04:59","slug":"magpul-zhukov-vordergriff-fuer-ak-47ak-74-lila-mag586-plm","status":"publish","type":"product","link":"https:\/\/staging.nbg.eu\/de\/produkt\/magpul-zhukov-vordergriff-fuer-ak-47ak-74-lila-mag586-plm\/","title":{"rendered":"Magpul ZHUKOV Vordergriff f\u00fcr AK-47\/AK-74 Lila MAG586 PLM"},"content":{"rendered":"<div class=\"product-description\">\n<h2>Magpul ZHUKOV Handschutz f\u00fcr AK-47\/AK-74 &#8211; Pflaume (MAG586-PLM)<\/h2>\n<p>Handschutz f\u00fcr AK-47 oder AK-74. Bietet eine gro\u00dfe Grifffl\u00e4che f\u00fcr moderne Schie\u00dftechniken und zus\u00e4tzliche Befestigungsm\u00f6glichkeiten f\u00fcr Zubeh\u00f6r.<\/p>\n<ul>\n<li>Kompatibel mit den meisten AK-47\/AKM\/AK-74 Gewehren (Laufdurchmesser 16,75-18,25mm, L\u00e4nge &gt;13&#8243;)<\/li>\n<li>Durchgehendes, harteloxiertes Aluminiumchassis f\u00fcr stabile Montage und Hitzeschutz<\/li>\n<li>\u00c4u\u00dfere Abdeckung aus Polymer mit Schlitzen f\u00fcr M-LOK Zubeh\u00f6r<\/li>\n<li>Inklusive Ersatz-Polymer-Deckplatte<\/li>\n<li>Kompatibel mit UltiMAK Optikhalterung<\/li>\n<li>L\u00e4nge: 11,7 Zoll<\/li>\n<\/ul>\n<p>Handschutz f\u00fcr Jagd- und Schie\u00dfsport.<\/p>\n<\/div>\n","protected":false},"excerpt":{"rendered":"<p>Verl\u00e4ngerter Magpul ZHUKOV Handschutz f\u00fcr AK-47\/AK-74, in pflaumenfarben, M-LOK-kompatibel.<\/p>\n","protected":false},"featured_media":0,"template":"","meta":{"_acf_changed":false},"product_brand":[],"product_cat":[],"product_tag":[],"class_list":{"0":"post-529952","1":"product","2":"type-product","3":"status-publish","6":"first","7":"instock","8":"taxable","9":"shipping-taxable","10":"purchasable","11":"product-type-simple"},"acf":[],"_links":{"self":[{"href":"https:\/\/staging.nbg.eu\/de\/wp-json\/wp\/v2\/product\/529952","targetHints":{"allow":["GET"]}}],"collection":[{"href":"https:\/\/staging.nbg.eu\/de\/wp-json\/wp\/v2\/product"}],"about":[{"href":"https:\/\/staging.nbg.eu\/de\/wp-json\/wp\/v2\/types\/product"}],"wp:attachment":[{"href":"https:\/\/staging.nbg.eu\/de\/wp-json\/wp\/v2\/media?parent=529952"}],"wp:term":[{"taxonomy":"product_brand","embeddable":true,"href":"https:\/\/staging.nbg.eu\/de\/wp-json\/wp\/v2\/product_brand?post=529952"},{"taxonomy":"product_cat","embeddable":true,"href":"https:\/\/staging.nbg.eu\/de\/wp-json\/wp\/v2\/product_cat?post=529952"},{"taxonomy":"product_tag","embeddable":true,"href":"https:\/\/staging.nbg.eu\/de\/wp-json\/wp\/v2\/product_tag?post=529952"}],"curies":[{"name":"wp","href":"https:\/\/api.w.org\/{rel}","templated":true}]}}