{"id":52914,"date":"2024-03-08T09:51:57","date_gmt":"2024-03-08T09:51:57","guid":{"rendered":"https:\/\/staging.nbg.eu\/product\/bronze-spiral-shotgun-brush\/"},"modified":"2024-09-13T12:44:58","modified_gmt":"2024-09-13T12:44:58","slug":"bronze-spiral-flinten-buerste","status":"publish","type":"product","link":"https:\/\/staging.nbg.eu\/de\/produkt\/bronze-spiral-flinten-buerste\/","title":{"rendered":"BRONZE SPIRAL FLINTEN B\u00dcRSTE"},"content":{"rendered":"<p>Die Bronzeb\u00fcrste f\u00fcr Schrotflinten von Bore Tech hat spiralf\u00f6rmige Borsten. Sie ist aus phosphorhaltiger Bronze gefertigt, die f\u00fcr den Lauf sicher ist. Die B\u00fcrste entfernt Kunststoffr\u00fcckst\u00e4nde und h\u00e4lt l\u00e4nger als Standard-Drahtb\u00fcrsten. Erh\u00e4ltlich in Kalibern von 10 bis .410, passend f\u00fcr Putzst\u00f6cke mit 5\/16-27 Gewinde.<\/p>\n","protected":false},"excerpt":{"rendered":"<p>Innovativer Spiralb\u00fcrste f\u00fcr gr\u00fcndliche und sichere Reinigung von Schrotflintenl\u00e4ufen.<\/p>\n","protected":false},"featured_media":7602,"template":"","meta":{"_acf_changed":false},"product_brand":[11154],"product_cat":[12115,12088],"product_tag":[],"class_list":{"0":"post-52914","1":"product","2":"type-product","3":"status-publish","4":"has-post-thumbnail","6":"product_brand-boretech","7":"product_cat-buersten","8":"product_cat-waffenreinigung","10":"first","11":"outofstock","12":"taxable","13":"shipping-taxable","14":"purchasable","15":"product-type-simple"},"acf":[],"_links":{"self":[{"href":"https:\/\/staging.nbg.eu\/de\/wp-json\/wp\/v2\/product\/52914","targetHints":{"allow":["GET"]}}],"collection":[{"href":"https:\/\/staging.nbg.eu\/de\/wp-json\/wp\/v2\/product"}],"about":[{"href":"https:\/\/staging.nbg.eu\/de\/wp-json\/wp\/v2\/types\/product"}],"wp:featuredmedia":[{"embeddable":true,"href":"https:\/\/staging.nbg.eu\/de\/wp-json\/wp\/v2\/media\/7602"}],"wp:attachment":[{"href":"https:\/\/staging.nbg.eu\/de\/wp-json\/wp\/v2\/media?parent=52914"}],"wp:term":[{"taxonomy":"product_brand","embeddable":true,"href":"https:\/\/staging.nbg.eu\/de\/wp-json\/wp\/v2\/product_brand?post=52914"},{"taxonomy":"product_cat","embeddable":true,"href":"https:\/\/staging.nbg.eu\/de\/wp-json\/wp\/v2\/product_cat?post=52914"},{"taxonomy":"product_tag","embeddable":true,"href":"https:\/\/staging.nbg.eu\/de\/wp-json\/wp\/v2\/product_tag?post=52914"}],"curies":[{"name":"wp","href":"https:\/\/api.w.org\/{rel}","templated":true}]}}