{"id":527710,"date":"2025-09-02T20:21:13","date_gmt":"2025-09-02T17:21:13","guid":{"rendered":"https:\/\/staging.nbg.eu\/product\/strike-industries-g4-magwell-for-glock-17-22-31-34-35-gen4-si-g4-magwell\/"},"modified":"2025-09-25T22:29:25","modified_gmt":"2025-09-25T19:29:25","slug":"strike-industries-g4-magazintrichter-fuer-glock-1722313435-gen4-si-g4-magwell","status":"publish","type":"product","link":"https:\/\/staging.nbg.eu\/de\/produkt\/strike-industries-g4-magazintrichter-fuer-glock-1722313435-gen4-si-g4-magwell\/","title":{"rendered":"Strike Industries &#8211; G4 Magazintrichter f\u00fcr Glock 17\/22\/31\/34\/35 Gen4 &#8211; SI-G4-MAGWELL"},"content":{"rendered":"<div class=\"product-description\">\n<h2>Strike Industries G4 Magazinschacht f\u00fcr Glock 17\/22\/31\/34\/35 Gen4<\/h2>\n<p>Der Strike Industries GEN4 Magazinschacht erleichtert das Nachladen des Magazins und beh\u00e4lt den schlanken Griff der Pistole bei. Er verbessert die Konsistenz und verk\u00fcrzt die Nachladezeiten. Kompatibel mit den meisten Aftermarket-Magazinbodenplatten und -erweiterungen.<\/p>\n<ul>\n<li>Erweiterter Magazinschacht f\u00fcr einfacheres Einf\u00fchren des Magazins<\/li>\n<li>Einfache Installation mit speziellem Verriegelungsmechanismus<\/li>\n<li>Leichte, hochfeste Polymerkonstruktion<\/li>\n<li>Kompatibel mit Glock 17\/22\/31\/34\/35 GEN4 Modellen<\/li>\n<li>Entwickelt f\u00fcr Glock Werks-+0-R\u00fcckenb\u00fcgel<\/li>\n<\/ul>\n<p><strong>Hinweis:<\/strong> Ziehen Sie die Stellschraube bei der Installation nicht zu fest an, um Fehlausrichtung oder Besch\u00e4digung zu vermeiden.<\/p>\n<p>Lieferumfang: G4 Magazinschacht, Stellschraube, M2 Inbusschl\u00fcssel und Warnkarte.<\/p>\n<\/div>\n","protected":false},"excerpt":{"rendered":"<p>Verbessern Sie das Nachladen der Glock 17\/22\/31\/34\/35 Gen4 mit dem G4 MagWell von SI.<\/p>\n","protected":false},"featured_media":491005,"template":"","meta":{"_acf_changed":false},"product_brand":[11407,11556],"product_cat":[12064,12108],"product_tag":[],"class_list":{"0":"post-527710","1":"product","2":"type-product","3":"status-publish","4":"has-post-thumbnail","6":"product_brand-glock","7":"product_brand-magpul","8":"product_cat-pistole","9":"product_cat-pistolenteile","11":"first","12":"instock","13":"taxable","14":"shipping-taxable","15":"purchasable","16":"product-type-simple"},"acf":[],"_links":{"self":[{"href":"https:\/\/staging.nbg.eu\/de\/wp-json\/wp\/v2\/product\/527710","targetHints":{"allow":["GET"]}}],"collection":[{"href":"https:\/\/staging.nbg.eu\/de\/wp-json\/wp\/v2\/product"}],"about":[{"href":"https:\/\/staging.nbg.eu\/de\/wp-json\/wp\/v2\/types\/product"}],"wp:featuredmedia":[{"embeddable":true,"href":"https:\/\/staging.nbg.eu\/de\/wp-json\/wp\/v2\/media\/491005"}],"wp:attachment":[{"href":"https:\/\/staging.nbg.eu\/de\/wp-json\/wp\/v2\/media?parent=527710"}],"wp:term":[{"taxonomy":"product_brand","embeddable":true,"href":"https:\/\/staging.nbg.eu\/de\/wp-json\/wp\/v2\/product_brand?post=527710"},{"taxonomy":"product_cat","embeddable":true,"href":"https:\/\/staging.nbg.eu\/de\/wp-json\/wp\/v2\/product_cat?post=527710"},{"taxonomy":"product_tag","embeddable":true,"href":"https:\/\/staging.nbg.eu\/de\/wp-json\/wp\/v2\/product_tag?post=527710"}],"curies":[{"name":"wp","href":"https:\/\/api.w.org\/{rel}","templated":true}]}}