{"id":52422,"date":"2024-03-12T18:05:32","date_gmt":"2024-09-13T11:33:03","guid":{"rendered":"https:\/\/staging.nbg.eu\/product\/bore-tech-x-count-patches-multiple-sizes\/"},"modified":"2024-09-13T11:34:16","modified_gmt":"2024-09-13T11:34:16","slug":"bore-tech-x-count-patches-mehrere-groessen","status":"publish","type":"product","link":"https:\/\/staging.nbg.eu\/de\/produkt\/bore-tech-x-count-patches-mehrere-groessen\/","title":{"rendered":"Bore Tech X-Count Patches (Mehrere Gr\u00f6\u00dfen)"},"content":{"rendered":"<p>Bore Tech X-Count\u2122 Patches: Eigenschaften:<\/p>\n<ul>\n<li>100% Baumwollflanell<\/li>\n<li>Doppelt gerauhtes, nicht ausfransendes Material<\/li>\n<li>Gute Reinigungsf\u00e4higkeit<\/li>\n<li>Gute L\u00f6sungsmittelaufnahme<\/li>\n<li>In den USA hergestellt<\/li>\n<li>Geeignet f\u00fcr verschiedene Waffentypen und Kaliber<\/li>\n<li>Lieferung in aufh\u00e4ngbarer, wiederverschlie\u00dfbarer Verpackung<\/li>\n<\/ul>\n","protected":false},"excerpt":{"rendered":"<p>Hochwertige Baumwoll-Reinigungsflicken f\u00fcr Waffen, verschiedene Gr\u00f6\u00dfen. In den USA hergestellt.<\/p>\n","protected":false},"featured_media":7671,"template":"","meta":{"_acf_changed":false},"product_brand":[11154],"product_cat":[12114,12088],"product_tag":[],"class_list":{"0":"post-52422","1":"product","2":"type-product","3":"status-publish","4":"has-post-thumbnail","6":"product_brand-boretech","7":"product_cat-reinigungspatches","8":"product_cat-waffenreinigung","10":"first","11":"instock","12":"taxable","13":"shipping-taxable","14":"purchasable","15":"product-type-variable","16":"wvs-archive-product-wrapper"},"acf":[],"_links":{"self":[{"href":"https:\/\/staging.nbg.eu\/de\/wp-json\/wp\/v2\/product\/52422","targetHints":{"allow":["GET"]}}],"collection":[{"href":"https:\/\/staging.nbg.eu\/de\/wp-json\/wp\/v2\/product"}],"about":[{"href":"https:\/\/staging.nbg.eu\/de\/wp-json\/wp\/v2\/types\/product"}],"wp:featuredmedia":[{"embeddable":true,"href":"https:\/\/staging.nbg.eu\/de\/wp-json\/wp\/v2\/media\/7671"}],"wp:attachment":[{"href":"https:\/\/staging.nbg.eu\/de\/wp-json\/wp\/v2\/media?parent=52422"}],"wp:term":[{"taxonomy":"product_brand","embeddable":true,"href":"https:\/\/staging.nbg.eu\/de\/wp-json\/wp\/v2\/product_brand?post=52422"},{"taxonomy":"product_cat","embeddable":true,"href":"https:\/\/staging.nbg.eu\/de\/wp-json\/wp\/v2\/product_cat?post=52422"},{"taxonomy":"product_tag","embeddable":true,"href":"https:\/\/staging.nbg.eu\/de\/wp-json\/wp\/v2\/product_tag?post=52422"}],"curies":[{"name":"wp","href":"https:\/\/api.w.org\/{rel}","templated":true}]}}