{"id":52117,"date":"2024-03-12T19:00:56","date_gmt":"2024-09-13T11:29:51","guid":{"rendered":"https:\/\/staging.nbg.eu\/product\/bore-tech-rimfire-blend\/"},"modified":"2024-09-13T11:30:44","modified_gmt":"2024-09-13T11:30:44","slug":"bore-tech-rimfire-blend","status":"publish","type":"product","link":"https:\/\/staging.nbg.eu\/de\/produkt\/bore-tech-rimfire-blend\/","title":{"rendered":"Bore Tech Rimfire Blend"},"content":{"rendered":"<div class=\"product-description\">\n<h2>Bore Tech Kleinkaliberreiniger<\/h2>\n<p>F\u00fcr Kleinkalibersch\u00fctzen entwickelt, entfernt dieser Reiniger Blei, Pulverr\u00fcckst\u00e4nde und Geschosswachs. Von Wettbewerbssch\u00fctzen und Waffenherstellern verwendet.<\/p>\n<ul>\n<li>Ammoniakfrei und geruchlos<\/li>\n<li>100% biologisch abbaubar<\/li>\n<li>Entfernt Blei-, Wachs- und Kohlenstoffablagerungen<\/li>\n<li>Minimales B\u00fcrsten erforderlich<\/li>\n<li>F\u00fcr alle Lauftypen geeignet<\/li>\n<\/ul>\n<p>Bore Tech Spezialreiniger f\u00fcr Kleinkaliberwaffen.<\/p>\n<\/div>\n","protected":false},"excerpt":{"rendered":"<p>Effektiver Kleinkaliberreiniger entfernt Blei, Wachs und Kohlenstoff. Ammoniakfrei.<\/p>\n","protected":false},"featured_media":7699,"template":"","meta":{"_acf_changed":false},"product_brand":[11154],"product_cat":[12102,12088],"product_tag":[],"class_list":{"0":"post-52117","1":"product","2":"type-product","3":"status-publish","4":"has-post-thumbnail","6":"product_brand-boretech","7":"product_cat-reiniger","8":"product_cat-waffenreinigung","10":"first","11":"instock","12":"taxable","13":"shipping-taxable","14":"purchasable","15":"product-type-variable","16":"wvs-archive-product-wrapper"},"acf":[],"_links":{"self":[{"href":"https:\/\/staging.nbg.eu\/de\/wp-json\/wp\/v2\/product\/52117","targetHints":{"allow":["GET"]}}],"collection":[{"href":"https:\/\/staging.nbg.eu\/de\/wp-json\/wp\/v2\/product"}],"about":[{"href":"https:\/\/staging.nbg.eu\/de\/wp-json\/wp\/v2\/types\/product"}],"wp:featuredmedia":[{"embeddable":true,"href":"https:\/\/staging.nbg.eu\/de\/wp-json\/wp\/v2\/media\/7699"}],"wp:attachment":[{"href":"https:\/\/staging.nbg.eu\/de\/wp-json\/wp\/v2\/media?parent=52117"}],"wp:term":[{"taxonomy":"product_brand","embeddable":true,"href":"https:\/\/staging.nbg.eu\/de\/wp-json\/wp\/v2\/product_brand?post=52117"},{"taxonomy":"product_cat","embeddable":true,"href":"https:\/\/staging.nbg.eu\/de\/wp-json\/wp\/v2\/product_cat?post=52117"},{"taxonomy":"product_tag","embeddable":true,"href":"https:\/\/staging.nbg.eu\/de\/wp-json\/wp\/v2\/product_tag?post=52117"}],"curies":[{"name":"wp","href":"https:\/\/api.w.org\/{rel}","templated":true}]}}