{"id":51931,"date":"2024-03-12T19:14:59","date_gmt":"2024-09-13T11:27:19","guid":{"rendered":"https:\/\/staging.nbg.eu\/product\/bore-tech-cu2-copper-remover\/"},"modified":"2024-09-13T11:28:11","modified_gmt":"2024-09-13T11:28:11","slug":"bore-tech-cu2-kupfer-entferner","status":"publish","type":"product","link":"https:\/\/staging.nbg.eu\/de\/produkt\/bore-tech-cu2-kupfer-entferner\/","title":{"rendered":"Bore Tech CU+2 Kupfer-Entferner"},"content":{"rendered":"<div class=\"product-description\">\n<h2>Bore Tech CU+2 Kupferentferner<\/h2>\n<p>Der patentierte Cu+2 Kupferentferner\u2122 entfernt Kupferablagerungen. Diese L\u00f6sung funktioniert besser als herk\u00f6mmliche L\u00f6sungsmittel auf Petro-Ammoniak-Basis und bietet:<\/p>\n<ul>\n<li>100% laufsicher und ammoniakfrei<\/li>\n<li>Geruchlos und biologisch abbaubar<\/li>\n<li>Schnelle und vollst\u00e4ndige Kupferentfernung<\/li>\n<li>Zweistufiger Prozess f\u00fcr gr\u00fcndliche Reinigung<\/li>\n<li>Kurzfristiger Rostschutz<\/li>\n<\/ul>\n<p>Dieser benutzerfreundliche, ungef\u00e4hrliche Kupferentferner verbessert die Waffenpflege.<\/p>\n<\/div>\n","protected":false},"excerpt":{"rendered":"<p>Patentiertes, ammoniakfreies Kupferentfernungsmittel. Schnell wirkend, laufsicher und geruchlos.<\/p>\n","protected":false},"featured_media":7719,"template":"","meta":{"_acf_changed":false},"product_brand":[11154],"product_cat":[12102,12088],"product_tag":[],"class_list":{"0":"post-51931","1":"product","2":"type-product","3":"status-publish","4":"has-post-thumbnail","6":"product_brand-boretech","7":"product_cat-reiniger","8":"product_cat-waffenreinigung","10":"first","11":"instock","12":"taxable","13":"shipping-taxable","14":"purchasable","15":"product-type-variable","16":"wvs-archive-product-wrapper"},"acf":[],"_links":{"self":[{"href":"https:\/\/staging.nbg.eu\/de\/wp-json\/wp\/v2\/product\/51931","targetHints":{"allow":["GET"]}}],"collection":[{"href":"https:\/\/staging.nbg.eu\/de\/wp-json\/wp\/v2\/product"}],"about":[{"href":"https:\/\/staging.nbg.eu\/de\/wp-json\/wp\/v2\/types\/product"}],"wp:featuredmedia":[{"embeddable":true,"href":"https:\/\/staging.nbg.eu\/de\/wp-json\/wp\/v2\/media\/7719"}],"wp:attachment":[{"href":"https:\/\/staging.nbg.eu\/de\/wp-json\/wp\/v2\/media?parent=51931"}],"wp:term":[{"taxonomy":"product_brand","embeddable":true,"href":"https:\/\/staging.nbg.eu\/de\/wp-json\/wp\/v2\/product_brand?post=51931"},{"taxonomy":"product_cat","embeddable":true,"href":"https:\/\/staging.nbg.eu\/de\/wp-json\/wp\/v2\/product_cat?post=51931"},{"taxonomy":"product_tag","embeddable":true,"href":"https:\/\/staging.nbg.eu\/de\/wp-json\/wp\/v2\/product_tag?post=51931"}],"curies":[{"name":"wp","href":"https:\/\/api.w.org\/{rel}","templated":true}]}}